{"id":62748,"date":"2024-02-02T19:09:40","date_gmt":"2024-09-16T12:01:46","guid":{"rendered":"https:\/\/staging.nbg.eu\/product\/geissele-chf-chrome-lined-barrel-5-56-11-5\/"},"modified":"2024-09-16T12:02:31","modified_gmt":"2024-09-16T12:02:31","slug":"geissele-chf-krom-foret-lob-556-115","status":"publish","type":"product","link":"https:\/\/staging.nbg.eu\/da\/vare\/geissele-chf-krom-foret-lob-556-115\/","title":{"rendered":"Geissele CHF, Krom Foret L\u00f8b, 5.56 &#8211; 11.5&#8243;"},"content":{"rendered":"<div class=\"product-description\">\n<h2>Geissele CHF Krom-foret L\u00f8b &#8211; 5,56<\/h2>\n<p>Geissele CHF Krom-foret L\u00f8b i 5,56 NATO fremstillet i North Wales, PA, kombinerer teknologi med h\u00e5ndv\u00e6rk.<\/p>\n<ul>\n<li>Kold hamret smedet (CHF) for styrke og holdbarhed<\/li>\n<li>Krom-foret for korrosionsmodstand og lettere reng\u00f8ring<\/li>\n<li>H\u00f8jtryktestet (HPT) og magnetisk partikelinspiceret (MPI) for kvalitetssikring<\/li>\n<li>Egnet til tjenestev\u00e5ben, konkurrencev\u00e5ben og andre form\u00e5l<\/li>\n<li>Pr\u00e6cisionsfremstillet med kvalitetsmaterialer for konsistens og n\u00f8jagtighed<\/li>\n<\/ul>\n<p>V\u00e6lg Geissele for ydeevne i alle situationer.<\/p>\n<\/div>\n","protected":false},"excerpt":{"rendered":"<p>Pr\u00e6cisionssmedet 5,56 l\u00f8b. HPT\/MPI testet for p\u00e5lidelighed.<\/p>\n","protected":false},"featured_media":62749,"template":"","meta":{"_acf_changed":false},"product_brand":[11380],"product_cat":[13136,13113,13139,13088],"product_tag":[],"class_list":{"0":"post-62748","1":"product","2":"type-product","3":"status-publish","4":"has-post-thumbnail","6":"product_brand-geissele","7":"product_cat-karabiner","8":"product_cat-lob","9":"product_cat-riffel","10":"product_cat-riffel-tuning","12":"first","13":"instock","14":"taxable","15":"shipping-taxable","16":"product-type-simple"},"acf":[],"_links":{"self":[{"href":"https:\/\/staging.nbg.eu\/da\/wp-json\/wp\/v2\/product\/62748","targetHints":{"allow":["GET"]}}],"collection":[{"href":"https:\/\/staging.nbg.eu\/da\/wp-json\/wp\/v2\/product"}],"about":[{"href":"https:\/\/staging.nbg.eu\/da\/wp-json\/wp\/v2\/types\/product"}],"wp:featuredmedia":[{"embeddable":true,"href":"https:\/\/staging.nbg.eu\/da\/wp-json\/wp\/v2\/media\/62749"}],"wp:attachment":[{"href":"https:\/\/staging.nbg.eu\/da\/wp-json\/wp\/v2\/media?parent=62748"}],"wp:term":[{"taxonomy":"product_brand","embeddable":true,"href":"https:\/\/staging.nbg.eu\/da\/wp-json\/wp\/v2\/product_brand?post=62748"},{"taxonomy":"product_cat","embeddable":true,"href":"https:\/\/staging.nbg.eu\/da\/wp-json\/wp\/v2\/product_cat?post=62748"},{"taxonomy":"product_tag","embeddable":true,"href":"https:\/\/staging.nbg.eu\/da\/wp-json\/wp\/v2\/product_tag?post=62748"}],"curies":[{"name":"wp","href":"https:\/\/api.w.org\/{rel}","templated":true}]}}