{"id":62355,"date":"2024-02-14T06:58:29","date_gmt":"2024-09-16T11:49:49","guid":{"rendered":"https:\/\/staging.nbg.eu\/product\/geissele-super-mcx-ssa-m4-curved-trigger\/"},"modified":"2024-09-16T11:50:32","modified_gmt":"2024-09-16T11:50:32","slug":"geissele-super-mcx-ssa-m4-buet-aftraek","status":"publish","type":"product","link":"https:\/\/staging.nbg.eu\/da\/vare\/geissele-super-mcx-ssa-m4-buet-aftraek\/","title":{"rendered":"Geissele Super MCX SSA &#8211; M4 Buet Aftr\u00e6k"},"content":{"rendered":"<div class=\"product-description\">\n<h2>Geissele Super MCX SSA &#8211; M4 Buet Aftr\u00e6k<\/h2>\n<p>Geissele Super MCX SSA er et to-trins aftr\u00e6k. Det er baseret p\u00e5 vores CRANE-sikkerhedscertificerede M4-karabin aftr\u00e6k og har en v\u00e6gt p\u00e5 ca. 4,5 lb uden justeringsmuligheder. Det tilbyder:<\/p>\n<ul>\n<li>Pr\u00e6cis og n\u00f8jagtig aftr\u00e6kskontrol<\/li>\n<li>Let nok til pr\u00e6cisionsanvendelser<\/li>\n<li>Velegnet til kr\u00e6vende situationer som n\u00e6rkamp<\/li>\n<li>Egnet til jagt, politiarbejde og milit\u00e6rt brug<\/li>\n<\/ul>\n<p>Super MCX SSA kombinerer ydeevne, p\u00e5lidelighed, sikkerhed og alsidighed, hvilket g\u00f8r det til et alsidigt aftr\u00e6k til dit v\u00e5ben.<\/p>\n<\/div>\n","protected":false},"excerpt":{"rendered":"<p>H\u00f8jtydende 2-trins aftr\u00e6kker til pr\u00e6cisions- og n\u00e6rkampsskydning. 2,04 kg tr\u00e6kv\u00e6gt.<\/p>\n","protected":false},"featured_media":62356,"template":"","meta":{"_acf_changed":false},"product_brand":[11380],"product_cat":[13076,13139,13088],"product_tag":[],"class_list":{"0":"post-62355","1":"product","2":"type-product","3":"status-publish","4":"has-post-thumbnail","6":"product_brand-geissele","7":"product_cat-aftraekkere","8":"product_cat-riffel","9":"product_cat-riffel-tuning","11":"first","12":"instock","13":"taxable","14":"shipping-taxable","15":"product-type-simple"},"acf":[],"_links":{"self":[{"href":"https:\/\/staging.nbg.eu\/da\/wp-json\/wp\/v2\/product\/62355","targetHints":{"allow":["GET"]}}],"collection":[{"href":"https:\/\/staging.nbg.eu\/da\/wp-json\/wp\/v2\/product"}],"about":[{"href":"https:\/\/staging.nbg.eu\/da\/wp-json\/wp\/v2\/types\/product"}],"wp:featuredmedia":[{"embeddable":true,"href":"https:\/\/staging.nbg.eu\/da\/wp-json\/wp\/v2\/media\/62356"}],"wp:attachment":[{"href":"https:\/\/staging.nbg.eu\/da\/wp-json\/wp\/v2\/media?parent=62355"}],"wp:term":[{"taxonomy":"product_brand","embeddable":true,"href":"https:\/\/staging.nbg.eu\/da\/wp-json\/wp\/v2\/product_brand?post=62355"},{"taxonomy":"product_cat","embeddable":true,"href":"https:\/\/staging.nbg.eu\/da\/wp-json\/wp\/v2\/product_cat?post=62355"},{"taxonomy":"product_tag","embeddable":true,"href":"https:\/\/staging.nbg.eu\/da\/wp-json\/wp\/v2\/product_tag?post=62355"}],"curies":[{"name":"wp","href":"https:\/\/api.w.org\/{rel}","templated":true}]}}