{"id":62327,"date":"2024-02-14T07:09:17","date_gmt":"2024-09-16T11:47:13","guid":{"rendered":"https:\/\/staging.nbg.eu\/product\/geissele-super-semi-automatic-ssa-trigger\/"},"modified":"2024-09-16T11:47:55","modified_gmt":"2024-09-16T11:47:55","slug":"geissele-super-semi-automatisk-ssa-aftraek","status":"publish","type":"product","link":"https:\/\/staging.nbg.eu\/da\/vare\/geissele-super-semi-automatisk-ssa-aftraek\/","title":{"rendered":"Geissele Super Semi-Automatisk (SSA\u00ae) Aftr\u00e6k"},"content":{"rendered":"<h2>Geissele Super Semi-Automatisk (SSA\u00ae) Aftr\u00e6kker<\/h2>\n<p>Geissele SSA\u00ae aftr\u00e6kker er en semi-automatisk tilpasning af Super Select-Fire aftr\u00e6kkeren. Denne ikke-justerbare, to-trins aftr\u00e6kker tilbyder:<\/p>\n<ul>\n<li>N\u00f8jagtighed til pr\u00e6cise skud<\/li>\n<li>Alsidighed til n\u00e6rkamp<\/li>\n<li>Sikkerhedscertificering fra Crane Naval Surface Warfare Center<\/li>\n<li>Egnet til politiet og dynamiske milj\u00f8er<\/li>\n<\/ul>\n<p>SSA\u00ae&#8217;s design giver et let tryk til langdistance n\u00f8jagtighed, mens den bevarer tilgivelsen n\u00f8dvendig for hurtigskydning situationer. Uanset om du er involveret i mellemdistance karabinarbejde eller opererer i h\u00f8jstress scenarier, leverer Geissele SSA\u00ae aftr\u00e6kkeren konsistent ydeevne.<\/p>\n<p>Forbedre dit v\u00e5bens kapacitet med dette aftr\u00e6kkersystem.<\/p>\n","protected":false},"excerpt":{"rendered":"<p>Pr\u00e6cisions to-trins aftr\u00e6kker til alsidig, pr\u00e6cis skydning.<\/p>\n","protected":false},"featured_media":62230,"template":"","meta":{"_acf_changed":false},"product_brand":[11380],"product_cat":[13076,13139,13088],"product_tag":[],"class_list":{"0":"post-62327","1":"product","2":"type-product","3":"status-publish","4":"has-post-thumbnail","6":"product_brand-geissele","7":"product_cat-aftraekkere","8":"product_cat-riffel","9":"product_cat-riffel-tuning","11":"first","12":"instock","13":"taxable","14":"shipping-taxable","15":"product-type-simple"},"acf":[],"_links":{"self":[{"href":"https:\/\/staging.nbg.eu\/da\/wp-json\/wp\/v2\/product\/62327","targetHints":{"allow":["GET"]}}],"collection":[{"href":"https:\/\/staging.nbg.eu\/da\/wp-json\/wp\/v2\/product"}],"about":[{"href":"https:\/\/staging.nbg.eu\/da\/wp-json\/wp\/v2\/types\/product"}],"wp:featuredmedia":[{"embeddable":true,"href":"https:\/\/staging.nbg.eu\/da\/wp-json\/wp\/v2\/media\/62230"}],"wp:attachment":[{"href":"https:\/\/staging.nbg.eu\/da\/wp-json\/wp\/v2\/media?parent=62327"}],"wp:term":[{"taxonomy":"product_brand","embeddable":true,"href":"https:\/\/staging.nbg.eu\/da\/wp-json\/wp\/v2\/product_brand?post=62327"},{"taxonomy":"product_cat","embeddable":true,"href":"https:\/\/staging.nbg.eu\/da\/wp-json\/wp\/v2\/product_cat?post=62327"},{"taxonomy":"product_tag","embeddable":true,"href":"https:\/\/staging.nbg.eu\/da\/wp-json\/wp\/v2\/product_tag?post=62327"}],"curies":[{"name":"wp","href":"https:\/\/api.w.org\/{rel}","templated":true}]}}