{"id":61960,"date":"2024-02-14T11:11:36","date_gmt":"2024-09-16T11:22:04","guid":{"rendered":"https:\/\/staging.nbg.eu\/product\/geissele-super-dynamic-enhanced-sd-e-trigger\/"},"modified":"2024-09-16T11:22:46","modified_gmt":"2024-09-16T11:22:46","slug":"geissele-super-dynamic-enhanced-sd-e-aftraek","status":"publish","type":"product","link":"https:\/\/staging.nbg.eu\/da\/vare\/geissele-super-dynamic-enhanced-sd-e-aftraek\/","title":{"rendered":"Geissele Super Dynamic Enhanced (SD-E) Aftr\u00e6k"},"content":{"rendered":"<div class=\"product-description\">\n<h2>Geissele Super Dynamic Enhanced (SD-E) Aftr\u00e6kker<\/h2>\n<p>Geissele SD-E Aftr\u00e6kker er en to-trins aftr\u00e6kker med f\u00f8lgende egenskaber:<\/p>\n<ul>\n<li>Flad aftr\u00e6kkerdesign<\/li>\n<li>Justeret mekanisme for bedre kontrol<\/li>\n<li>Forbedret v\u00e5benpr\u00e6cision<\/li>\n<li>P\u00e5lidelig i kamp<\/li>\n<\/ul>\n<p>SD-E er en variant af SSA-E med flad aftr\u00e6kker. Den tilbyder:<\/p>\n<ul>\n<li>Pr\u00e6cise udl\u00f8sninger<\/li>\n<li>Ensartet tr\u00e6kv\u00e6gt<\/li>\n<li>Hurtigere opf\u00f8lgningsskud<\/li>\n<\/ul>\n<p>Geissele SD-E Aftr\u00e6kker forbedrer dit v\u00e5bens ydeevne.<\/p>\n<\/div>\n","protected":false},"excerpt":{"rendered":"<p>Pr\u00e6cisions flad-bue 2-trins aftr\u00e6kker for forbedret kontrol og pr\u00e6cision.<\/p>\n","protected":false},"featured_media":61961,"template":"","meta":{"_acf_changed":false},"product_brand":[11380],"product_cat":[13076,13139,13088],"product_tag":[],"class_list":{"0":"post-61960","1":"product","2":"type-product","3":"status-publish","4":"has-post-thumbnail","6":"product_brand-geissele","7":"product_cat-aftraekkere","8":"product_cat-riffel","9":"product_cat-riffel-tuning","11":"first","12":"instock","13":"taxable","14":"shipping-taxable","15":"product-type-simple"},"acf":[],"_links":{"self":[{"href":"https:\/\/staging.nbg.eu\/da\/wp-json\/wp\/v2\/product\/61960","targetHints":{"allow":["GET"]}}],"collection":[{"href":"https:\/\/staging.nbg.eu\/da\/wp-json\/wp\/v2\/product"}],"about":[{"href":"https:\/\/staging.nbg.eu\/da\/wp-json\/wp\/v2\/types\/product"}],"wp:featuredmedia":[{"embeddable":true,"href":"https:\/\/staging.nbg.eu\/da\/wp-json\/wp\/v2\/media\/61961"}],"wp:attachment":[{"href":"https:\/\/staging.nbg.eu\/da\/wp-json\/wp\/v2\/media?parent=61960"}],"wp:term":[{"taxonomy":"product_brand","embeddable":true,"href":"https:\/\/staging.nbg.eu\/da\/wp-json\/wp\/v2\/product_brand?post=61960"},{"taxonomy":"product_cat","embeddable":true,"href":"https:\/\/staging.nbg.eu\/da\/wp-json\/wp\/v2\/product_cat?post=61960"},{"taxonomy":"product_tag","embeddable":true,"href":"https:\/\/staging.nbg.eu\/da\/wp-json\/wp\/v2\/product_tag?post=61960"}],"curies":[{"name":"wp","href":"https:\/\/api.w.org\/{rel}","templated":true}]}}