{"id":61898,"date":"2024-02-14T11:24:38","date_gmt":"2024-09-16T11:18:16","guid":{"rendered":"https:\/\/staging.nbg.eu\/product\/geissele-super-dynamic-3-gun-sd-3g-trigger\/"},"modified":"2024-09-16T11:18:59","modified_gmt":"2024-09-16T11:18:59","slug":"geissele-super-dynamic-3-gun-sd-3g-aftraek","status":"publish","type":"product","link":"https:\/\/staging.nbg.eu\/da\/vare\/geissele-super-dynamic-3-gun-sd-3g-aftraek\/","title":{"rendered":"Geissele Super Dynamic 3 Gun (SD-3G) Aftr\u00e6k"},"content":{"rendered":"<div class=\"product-description\">\n<h2>Geissele Super Dynamic 3 Gun (SD-3G) Aftr\u00e6kker<\/h2>\n<p>Geissele SD-3G aftr\u00e6kker har f\u00f8lgende egenskaber:<\/p>\n<ul>\n<li>Flad aftr\u00e6kkerb\u00f8jle for reduceret opfattet tr\u00e6kv\u00e6gt<\/li>\n<li>Hybriddesign, der kombinerer enkelt-trins og to-trins aftr\u00e6kkeregenskaber<\/li>\n<li>Forkortet tr\u00e6kl\u00e6ngde og hurtig reset<\/li>\n<li>Forbedret taktil feedback for \u00f8get operat\u00f8rkontrol<\/li>\n<li>Velegnet til 3 Gun konkurrenceskydning<\/li>\n<\/ul>\n<p>Egnet til n\u00e6rbane-konkurrencer, der kr\u00e6ver hurtig m\u00e5lengagement og hurtige opf\u00f8lgningsskud. Ikke anbefalet til tjenestebrug, benchrest eller pr\u00e6cisionsskydning.<\/p>\n<p><strong>Bem\u00e6rk:<\/strong> SD-3G leverer h\u00f8j hastighed, mens den opretholder sikkerheden og robustheden af en to-trins kampaftr\u00e6kker.<\/p>\n<\/div>\n","protected":false},"excerpt":{"rendered":"<p>Flad bue 3-guns aftr\u00e6k: ultrahurtigt, kort tr\u00e6k, hurtig nulstilling.<\/p>\n","protected":false},"featured_media":61899,"template":"","meta":{"_acf_changed":false},"product_brand":[11380],"product_cat":[13076,13139,13088],"product_tag":[],"class_list":{"0":"post-61898","1":"product","2":"type-product","3":"status-publish","4":"has-post-thumbnail","6":"product_brand-geissele","7":"product_cat-aftraekkere","8":"product_cat-riffel","9":"product_cat-riffel-tuning","11":"first","12":"outofstock","13":"taxable","14":"shipping-taxable","15":"product-type-simple"},"acf":[],"_links":{"self":[{"href":"https:\/\/staging.nbg.eu\/da\/wp-json\/wp\/v2\/product\/61898","targetHints":{"allow":["GET"]}}],"collection":[{"href":"https:\/\/staging.nbg.eu\/da\/wp-json\/wp\/v2\/product"}],"about":[{"href":"https:\/\/staging.nbg.eu\/da\/wp-json\/wp\/v2\/types\/product"}],"wp:featuredmedia":[{"embeddable":true,"href":"https:\/\/staging.nbg.eu\/da\/wp-json\/wp\/v2\/media\/61899"}],"wp:attachment":[{"href":"https:\/\/staging.nbg.eu\/da\/wp-json\/wp\/v2\/media?parent=61898"}],"wp:term":[{"taxonomy":"product_brand","embeddable":true,"href":"https:\/\/staging.nbg.eu\/da\/wp-json\/wp\/v2\/product_brand?post=61898"},{"taxonomy":"product_cat","embeddable":true,"href":"https:\/\/staging.nbg.eu\/da\/wp-json\/wp\/v2\/product_cat?post=61898"},{"taxonomy":"product_tag","embeddable":true,"href":"https:\/\/staging.nbg.eu\/da\/wp-json\/wp\/v2\/product_tag?post=61898"}],"curies":[{"name":"wp","href":"https:\/\/api.w.org\/{rel}","templated":true}]}}