{"id":61836,"date":"2024-02-14T19:46:21","date_gmt":"2024-09-16T11:14:09","guid":{"rendered":"https:\/\/staging.nbg.eu\/product\/geissele-hk-mr-556-trigger\/"},"modified":"2024-09-16T11:14:51","modified_gmt":"2024-09-16T11:14:51","slug":"geissele-hk-mr-556-aftraek","status":"publish","type":"product","link":"https:\/\/staging.nbg.eu\/da\/vare\/geissele-hk-mr-556-aftraek\/","title":{"rendered":"Geissele HK MR 556 Aftr\u00e6k"},"content":{"rendered":"<h2>Geissele HK MR 556 Aftr\u00e6kkersystem<\/h2>\n<p>Opgrad\u00e9r din HK 556 eller semi-automatiske HK 416 med Geissele HK MR 556 aftr\u00e6kkersystem. Dette system, som ligner vores SSA aftr\u00e6kkersystem, tilbyder:<\/p>\n<ul>\n<li>Forbedret pr\u00e6cision<\/li>\n<li>J\u00e6vnere aftr\u00e6k<\/li>\n<li>Hurtigere opf\u00f8lgende skud<\/li>\n<li>Kompatibel med HK 556 og semi-automatisk HK 416<\/li>\n<\/ul>\n<p>Forbedrer din skydeoplevelse med Geisseles aftr\u00e6kkersystem.<\/p>\n","protected":false},"excerpt":{"rendered":"<p>Pr\u00e6cisionaftr\u00e6kkersystem til HK MR 556\/416. SSA-lignende ydeevne for forbedret n\u00f8jagtighed.<\/p>\n","protected":false},"featured_media":61837,"template":"","meta":{"_acf_changed":false},"product_brand":[11380],"product_cat":[13076,13139,13088],"product_tag":[],"class_list":{"0":"post-61836","1":"product","2":"type-product","3":"status-publish","4":"has-post-thumbnail","6":"product_brand-geissele","7":"product_cat-aftraekkere","8":"product_cat-riffel","9":"product_cat-riffel-tuning","11":"first","12":"instock","13":"taxable","14":"shipping-taxable","15":"product-type-simple"},"acf":[],"_links":{"self":[{"href":"https:\/\/staging.nbg.eu\/da\/wp-json\/wp\/v2\/product\/61836","targetHints":{"allow":["GET"]}}],"collection":[{"href":"https:\/\/staging.nbg.eu\/da\/wp-json\/wp\/v2\/product"}],"about":[{"href":"https:\/\/staging.nbg.eu\/da\/wp-json\/wp\/v2\/types\/product"}],"wp:featuredmedia":[{"embeddable":true,"href":"https:\/\/staging.nbg.eu\/da\/wp-json\/wp\/v2\/media\/61837"}],"wp:attachment":[{"href":"https:\/\/staging.nbg.eu\/da\/wp-json\/wp\/v2\/media?parent=61836"}],"wp:term":[{"taxonomy":"product_brand","embeddable":true,"href":"https:\/\/staging.nbg.eu\/da\/wp-json\/wp\/v2\/product_brand?post=61836"},{"taxonomy":"product_cat","embeddable":true,"href":"https:\/\/staging.nbg.eu\/da\/wp-json\/wp\/v2\/product_cat?post=61836"},{"taxonomy":"product_tag","embeddable":true,"href":"https:\/\/staging.nbg.eu\/da\/wp-json\/wp\/v2\/product_tag?post=61836"}],"curies":[{"name":"wp","href":"https:\/\/api.w.org\/{rel}","templated":true}]}}