{"id":61447,"date":"2024-02-14T20:12:21","date_gmt":"2024-09-16T10:54:22","guid":{"rendered":"https:\/\/staging.nbg.eu\/product\/geissele-13-5-super-modular-rail-mk16-m-lok\/"},"modified":"2024-09-16T11:02:54","modified_gmt":"2024-09-16T11:02:54","slug":"geissele-135-super-modulaer-skinne-mk16-m-lok","status":"publish","type":"product","link":"https:\/\/staging.nbg.eu\/da\/vare\/geissele-135-super-modulaer-skinne-mk16-m-lok\/","title":{"rendered":"Geissele 13.5&#8243; Super Modul\u00e6r Skinne MK16 M-LOK\u00ae"},"content":{"rendered":"<h2 style=\"text-align: center\"><b>13,5&#8243; Super Modul\u00e6r Skinne MK16 M-LOK\u00ae<\/b><\/h2>\n<p>Geissele Super Modul\u00e6r Skinne MK16 monteres p\u00e5 AR-15 overdelen ved hj\u00e6lp af en opdateret version af Geissele l\u00f8bsm\u00f8trik-design. MK16 er nem at installere og vedligeholde og giver god stabilitet. Anti-rotationstapper og skruer sikrer, at skinnen ikke roterer under brug. <b>M1913 picatinny skinne \u00f8verst og M-LOK\u2122<\/b> slots p\u00e5 alle sider muligg\u00f8r tilpasning til tilbeh\u00f8r. Geissele SMR MK16 er fremstillet af <b>7000-serie aluminium<\/b> og er overfladebehandlet med Type-3 anodisering.<\/p>\n<p>Super Modul\u00e6r Skinne 13,5&#8243; (SMR) MK16 M-LOK\u00ae, NSN# 1005-01-672-4794 (13,5&#8243;), <b>er blevet adopteret af USASOC til URG-I programmet (Upper Receiver Group Improved)<\/b>.<\/p>\n<p>&nbsp;<\/p>\n<h2 style=\"text-align: center\"><strong>SPECIFIKATIONER<\/strong><\/h2>\n<hr \/>\n<table border=\"1\">\n<tbody>\n<tr>\n<td><strong>H\u00d8JDE: <\/strong><\/td>\n<td> 2,39&#8243;<\/td>\n<\/tr>\n<tr>\n<td><strong>FARVE: <\/strong><\/td>\n<td> Sort, DDC, Gr\u00e5, ODG<\/td>\n<\/tr>\n<tr>\n<td><strong>MATERIALE: <\/strong><\/td>\n<td> 7000-serie aluminium<\/td>\n<\/tr>\n<tr>\n<td><strong>OVERFLADEBEHANDLING: <\/strong><\/td>\n<td> Type 3 anodisering<\/td>\n<\/tr>\n<tr>\n<td><strong> TILG\u00c6NGELIGE L\u00c6NGDER: <\/strong><\/td>\n<td> 9,3&#8243;, 10,5&#8243;, 13,5&#8243;, 15&#8243;<\/td>\n<\/tr>\n<tr>\n<td><strong>INDRE DIAMETER: <\/strong><\/td>\n<td> 1,26&#8243;<\/td>\n<\/tr>\n<tr>\n<td><strong>YDRE DIAMETER (DAQ*): <\/strong><\/td>\n<td> 1,59&#8243;<\/td>\n<\/tr>\n<tr>\n<td><strong>SMR MK16 9,3&#8243; V\u00c6GT: <\/strong><\/td>\n<td> 286 g (333 g m\/ l\u00f8bsm\u00f8trik)<\/td>\n<\/tr>\n<tr>\n<td><strong>SMR MK16 10,5&#8243; V\u00c6GT: <\/strong><\/td>\n<td> 312 g (357 g m\/ l\u00f8bsm\u00f8trik)<\/td>\n<\/tr>\n<tr>\n<td><strong>SMR MK16 13,5&#8243; V\u00c6GT: <\/strong><\/td>\n<td> 380 g (422 g m\/ l\u00f8bsm\u00f8trik)<\/td>\n<\/tr>\n<tr>\n<td><strong>SMR MK16 15&#8243; V\u00c6GT: <\/strong><\/td>\n<td> 403 g (448 g m\/ l\u00f8bsm\u00f8trik)<\/td>\n<\/tr>\n<\/tbody>\n<\/table>\n<p><em>*DAQ &#8211; Afstand p\u00e5 tv\u00e6rs af kvadranter<\/em><\/p>\n","protected":false},"excerpt":{"rendered":"<p><strong>Uovertruffen Ydelse Til De Mest Kr\u00e6vende Skytter<\/strong><\/p>\n","protected":false},"featured_media":61448,"template":"","meta":{"_acf_changed":false},"product_brand":[11380],"product_cat":[13136,13139,13088,13087],"product_tag":[],"class_list":{"0":"post-61447","1":"product","2":"type-product","3":"status-publish","4":"has-post-thumbnail","6":"product_brand-geissele","7":"product_cat-karabiner","8":"product_cat-riffel","9":"product_cat-riffel-tuning","10":"product_cat-skinner","12":"first","13":"instock","14":"taxable","15":"shipping-taxable","16":"product-type-variable","17":"wvs-archive-product-wrapper"},"acf":[],"_links":{"self":[{"href":"https:\/\/staging.nbg.eu\/da\/wp-json\/wp\/v2\/product\/61447","targetHints":{"allow":["GET"]}}],"collection":[{"href":"https:\/\/staging.nbg.eu\/da\/wp-json\/wp\/v2\/product"}],"about":[{"href":"https:\/\/staging.nbg.eu\/da\/wp-json\/wp\/v2\/types\/product"}],"wp:featuredmedia":[{"embeddable":true,"href":"https:\/\/staging.nbg.eu\/da\/wp-json\/wp\/v2\/media\/61448"}],"wp:attachment":[{"href":"https:\/\/staging.nbg.eu\/da\/wp-json\/wp\/v2\/media?parent=61447"}],"wp:term":[{"taxonomy":"product_brand","embeddable":true,"href":"https:\/\/staging.nbg.eu\/da\/wp-json\/wp\/v2\/product_brand?post=61447"},{"taxonomy":"product_cat","embeddable":true,"href":"https:\/\/staging.nbg.eu\/da\/wp-json\/wp\/v2\/product_cat?post=61447"},{"taxonomy":"product_tag","embeddable":true,"href":"https:\/\/staging.nbg.eu\/da\/wp-json\/wp\/v2\/product_tag?post=61447"}],"curies":[{"name":"wp","href":"https:\/\/api.w.org\/{rel}","templated":true}]}}