{"id":61290,"date":"2024-02-14T20:22:23","date_gmt":"2024-09-16T10:48:11","guid":{"rendered":"https:\/\/staging.nbg.eu\/product\/geissele-15-super-modular-rail-mk16-m-lok\/"},"modified":"2024-09-16T10:48:59","modified_gmt":"2024-09-16T10:48:59","slug":"geissele-15-super-modulaer-skinne-mk16-m-lok","status":"publish","type":"product","link":"https:\/\/staging.nbg.eu\/da\/vare\/geissele-15-super-modulaer-skinne-mk16-m-lok\/","title":{"rendered":"Geissele 15&#8243; Super Modul\u00e6r Skinne MK16 M-LOK\u00ae"},"content":{"rendered":"<h2 style=\"text-align: center\"><strong>15\u2033 Super Modular Rail MK16 M-LOK\u00ae<\/strong><\/h2>\n<p>Geissele Super Modular Rail MK16 monteres p\u00e5 AR-15 overdelen ved hj\u00e6lp af en opdateret version af Geissele Barrel Nut-designet. MK16 er nem at installere og vedligeholde og tilbyder stabilitet. Anti-rotationstapper og s\u00e6tskruer sikrer, at skinnen ikke roterer under brug. <b>M1913 picatinny-skinne p\u00e5 toppen og M-LOK\u2122<\/b> slots p\u00e5 alle sider muligg\u00f8r tilpasning til tilbeh\u00f8r. Geissele SMR MK16 er fremstillet af <b>7000-serie aluminium<\/b> og er overfladebehandlet med Type-3 Hardcoat anodisering.<\/p>\n<p>Super Modular Rail 13.5&#8243; (SMR) MK16 M-LOK\u00ae, NSN# 1005-01-672-4794 (13.5&#8243;), <b>er blevet adopteret af USASOC til URG-I-programmet (Upper Receiver Group Improved)<\/b>.<\/p>\n<h2 style=\"text-align: center\"><strong>SPECIFIKATIONER<\/strong><\/h2>\n<hr \/>\n<table border=\"1\">\n<tbody>\n<tr>\n<td><strong>H\u00d8JDE: <\/strong><\/td>\n<td> 2,39&#8243;<\/td>\n<\/tr>\n<tr>\n<td><strong>FARVE: <\/strong><\/td>\n<td> Sort, DDC, Gr\u00e5, ODG<\/td>\n<\/tr>\n<tr>\n<td><strong>MATERIALE: <\/strong><\/td>\n<td> 7000-serie aluminium<\/td>\n<\/tr>\n<tr>\n<td><strong>OVERFLADEBEHANDLING: <\/strong><\/td>\n<td> Type 3 Hardcoat anodisering<\/td>\n<\/tr>\n<tr>\n<td><strong>TILG\u00c6NGELIGE L\u00c6NGDER: <\/strong><\/td>\n<td> 9,3&#8243;, 10,5&#8243;, 13,5&#8243;<\/td>\n<\/tr>\n<tr>\n<td><strong>INDRE DIAMETER: <\/strong><\/td>\n<td> 1,26&#8243;<\/td>\n<\/tr>\n<tr>\n<td><strong>YDRE DIAMETER (DAQ*): <\/strong><\/td>\n<td> 1,59&#8243;<\/td>\n<\/tr>\n<tr>\n<td><strong>SMR MK16 9,3&#8243; V\u00c6GT: <\/strong><\/td>\n<td> 10,1 oz (11,74 oz m\/ l\u00f8bsm\u00f8trik)<\/td>\n<\/tr>\n<tr>\n<td><strong>SMR MK16 10,5&#8243; V\u00c6GT: <\/strong><\/td>\n<td> 11 oz (12,6 oz m\/ l\u00f8bsm\u00f8trik)<\/td>\n<\/tr>\n<tr>\n<td><strong>SMR MK16 13,5&#8243; V\u00c6GT: <\/strong><\/td>\n<td> 13,4 oz (14,9 oz m\/ l\u00f8bsm\u00f8trik)<\/td>\n<\/tr>\n<\/tbody>\n<\/table>\n<p><em>*DAQ &#8211; Afstand p\u00e5 tv\u00e6rs af kvadranter<\/em><\/p>\n","protected":false},"excerpt":{"rendered":"<p><strong>Uovertruffen ydelse til de mest kr\u00e6vende skytter<\/strong><\/p>\n","protected":false},"featured_media":61291,"template":"","meta":{"_acf_changed":false},"product_brand":[11380],"product_cat":[13136,13139,13088,13087],"product_tag":[],"class_list":{"0":"post-61290","1":"product","2":"type-product","3":"status-publish","4":"has-post-thumbnail","6":"product_brand-geissele","7":"product_cat-karabiner","8":"product_cat-riffel","9":"product_cat-riffel-tuning","10":"product_cat-skinner","12":"first","13":"instock","14":"taxable","15":"shipping-taxable","16":"product-type-variable","17":"wvs-archive-product-wrapper"},"acf":[],"_links":{"self":[{"href":"https:\/\/staging.nbg.eu\/da\/wp-json\/wp\/v2\/product\/61290","targetHints":{"allow":["GET"]}}],"collection":[{"href":"https:\/\/staging.nbg.eu\/da\/wp-json\/wp\/v2\/product"}],"about":[{"href":"https:\/\/staging.nbg.eu\/da\/wp-json\/wp\/v2\/types\/product"}],"wp:featuredmedia":[{"embeddable":true,"href":"https:\/\/staging.nbg.eu\/da\/wp-json\/wp\/v2\/media\/61291"}],"wp:attachment":[{"href":"https:\/\/staging.nbg.eu\/da\/wp-json\/wp\/v2\/media?parent=61290"}],"wp:term":[{"taxonomy":"product_brand","embeddable":true,"href":"https:\/\/staging.nbg.eu\/da\/wp-json\/wp\/v2\/product_brand?post=61290"},{"taxonomy":"product_cat","embeddable":true,"href":"https:\/\/staging.nbg.eu\/da\/wp-json\/wp\/v2\/product_cat?post=61290"},{"taxonomy":"product_tag","embeddable":true,"href":"https:\/\/staging.nbg.eu\/da\/wp-json\/wp\/v2\/product_tag?post=61290"}],"curies":[{"name":"wp","href":"https:\/\/api.w.org\/{rel}","templated":true}]}}