{"id":60928,"date":"2024-02-14T20:33:29","date_gmt":"2024-09-16T10:40:03","guid":{"rendered":"https:\/\/staging.nbg.eu\/product\/geissele-16-super-modular-rail-mk18-m-lok\/"},"modified":"2024-09-16T10:40:54","modified_gmt":"2024-09-16T10:40:54","slug":"geissele-16-super-modulaer-skinne-mk18-m-lok","status":"publish","type":"product","link":"https:\/\/staging.nbg.eu\/da\/vare\/geissele-16-super-modulaer-skinne-mk18-m-lok\/","title":{"rendered":"Geissele 16&#8243; Super Modul\u00e6r Skinne MK18 M-LOK\u00ae"},"content":{"rendered":"<h2 style=\"text-align: center\"><b>16&#8243; Super Modul\u00e6r Skinne MK18 M-LOK\u00ae<\/b><\/h2>\n<p>MK18 er den nyeste i serien af Geissele Super Modul\u00e6re skinner og er specifikt designet til at fungere sammen med Arca-Swiss hurtigudl\u00f8sningssystem. Denne nye h\u00e5ndsk\u00e6rm er baseret p\u00e5 MK16 M-LOK Super Modul\u00e6r Skinne og har en lille diameter og samlet h\u00f8jde. Den flade base p\u00e5 MK18 har en &#8220;Arca-stil&#8221; 35mm bred form med en 45 graders svalehale, der muligg\u00f8r hurtig montering p\u00e5 en Arca-Swiss hurtigudl\u00f8sningsbase. MK18 har Geisseles 2,25&#8243; lange l\u00f8bsm\u00f8trik, der forbinder med modtageren. Den 16&#8243; lange MK18 er 3D-pr\u00e6cisionsfremstillet ved brug af 7000-serie aluminium.<\/p>\n<p>Ved at bruge Magpuls M-LOK-teknologi p\u00e5 de tre hovedkvadrant (venstre, h\u00f8jre og bund) samt de \u00f8vre 45\u00b0, giver MK18 mulighed for tilpasning. MK18 Super Modul\u00e6r skinne er f\u00e6rdigbehandlet med en Type 3 h\u00e5rd anodisering, tilg\u00e6ngelig i enten sort eller Geisseles DDC-finish.<\/p>\n<p>Geissele Super Modul\u00e6r Skinne MK18 er kompatibel med mil-spec AR15-m\u00f8nster rifler.<\/p>\n<h2 style=\"text-align: center\"><strong>SPECIFIKATIONER<\/strong><\/h2>\n<hr \/>\n<table border=\"1\">\n<tbody>\n<tr>\n<td><strong>H\u00d8JDE: <\/strong><\/td>\n<td> 2,08<\/td>\n<\/tr>\n<tr>\n<td><strong>FARVE: <\/strong><\/td>\n<td> DDC \/ Sort<\/td>\n<\/tr>\n<tr>\n<td><strong>MATERIALE: <\/strong><\/td>\n<td> 7000-serie aluminium<\/td>\n<\/tr>\n<tr>\n<td><strong>FINISH: <\/strong><\/td>\n<td> Type 3 h\u00e5rd anodisering<\/td>\n<\/tr>\n<tr>\n<td><strong>L\u00c6NGDE: <\/strong><\/td>\n<td> 16,5&#8243;<\/td>\n<\/tr>\n<tr>\n<td><strong>INDRE DIAMETER: <\/strong><\/td>\n<td> 1,26&#8243;<\/td>\n<\/tr>\n<tr>\n<td><strong>YDRE DIAMETER (DAQ*): <\/strong><\/td>\n<td> 1,59&#8243;<\/td>\n<\/tr>\n<tr>\n<td><strong>SMR MK18 V\u00c6GT: <\/strong><\/td>\n<td> 17oz (18,4oz m\/ l\u00f8bsm\u00f8trik)<\/td>\n<\/tr>\n<\/tbody>\n<\/table>\n<p>&nbsp;<\/p>\n<p><em>*DAQ &#8211; Afstand p\u00e5 tv\u00e6rs af kvadranter<\/em><\/p>\n","protected":false},"excerpt":{"rendered":"<p><strong>Designet til at fungere sammen med Arca-Swiss hurtigudl\u00f8sningssystem<\/strong><\/p>\n","protected":false},"featured_media":60929,"template":"","meta":{"_acf_changed":false},"product_brand":[11380],"product_cat":[13136,13139,13088,13087],"product_tag":[],"class_list":{"0":"post-60928","1":"product","2":"type-product","3":"status-publish","4":"has-post-thumbnail","6":"product_brand-geissele","7":"product_cat-karabiner","8":"product_cat-riffel","9":"product_cat-riffel-tuning","10":"product_cat-skinner","12":"first","13":"outofstock","14":"taxable","15":"shipping-taxable","16":"product-type-variable","17":"wvs-archive-product-wrapper"},"acf":[],"_links":{"self":[{"href":"https:\/\/staging.nbg.eu\/da\/wp-json\/wp\/v2\/product\/60928","targetHints":{"allow":["GET"]}}],"collection":[{"href":"https:\/\/staging.nbg.eu\/da\/wp-json\/wp\/v2\/product"}],"about":[{"href":"https:\/\/staging.nbg.eu\/da\/wp-json\/wp\/v2\/types\/product"}],"wp:featuredmedia":[{"embeddable":true,"href":"https:\/\/staging.nbg.eu\/da\/wp-json\/wp\/v2\/media\/60929"}],"wp:attachment":[{"href":"https:\/\/staging.nbg.eu\/da\/wp-json\/wp\/v2\/media?parent=60928"}],"wp:term":[{"taxonomy":"product_brand","embeddable":true,"href":"https:\/\/staging.nbg.eu\/da\/wp-json\/wp\/v2\/product_brand?post=60928"},{"taxonomy":"product_cat","embeddable":true,"href":"https:\/\/staging.nbg.eu\/da\/wp-json\/wp\/v2\/product_cat?post=60928"},{"taxonomy":"product_tag","embeddable":true,"href":"https:\/\/staging.nbg.eu\/da\/wp-json\/wp\/v2\/product_tag?post=60928"}],"curies":[{"name":"wp","href":"https:\/\/api.w.org\/{rel}","templated":true}]}}