{"id":60796,"date":"2024-02-14T20:38:31","date_gmt":"2024-09-16T10:31:58","guid":{"rendered":"https:\/\/staging.nbg.eu\/product\/alg-defense-emr-v3x-15-handguard-black\/"},"modified":"2024-09-16T10:32:40","modified_gmt":"2024-09-16T10:32:40","slug":"alg-defense-emr-v3x-15-handskaerm-sort","status":"publish","type":"product","link":"https:\/\/staging.nbg.eu\/da\/vare\/alg-defense-emr-v3x-15-handskaerm-sort\/","title":{"rendered":"ALG Defense EMR V3X 15&#8243; H\u00e5ndsk\u00e6rm &#8211; Sort"},"content":{"rendered":"<p>ALG Defense EMR V3X 15&#8243; h\u00e5ndv\u00e6rn i sort har et M-LOK-system til montering af tilbeh\u00f8r. Tilbeh\u00f8r kan monteres ved 2, 4, 6, 8 og 10 o&#8217;clock positioner. Der er en fuld l\u00e6ngde M1913 picatinny-skinne ved 12 o&#8217;clock til montering af sigter, lasere, lys og anden optik. Velegnet til at tilpasse v\u00e5bnet efter individuelle behov.<\/p>\n","protected":false},"excerpt":{"rendered":"<p>Alsidig 15&#8243; M-LOK h\u00e5ndst\u00f8tte med Picatinny-skinne i fuld l\u00e6ngde.<\/p>\n","protected":false},"featured_media":60797,"template":"","meta":{"_acf_changed":false},"product_brand":[11380],"product_cat":[13139,13088,13087],"product_tag":[],"class_list":{"0":"post-60796","1":"product","2":"type-product","3":"status-publish","4":"has-post-thumbnail","6":"product_brand-geissele","7":"product_cat-riffel","8":"product_cat-riffel-tuning","9":"product_cat-skinner","11":"first","12":"instock","13":"taxable","14":"shipping-taxable","15":"product-type-simple"},"acf":[],"_links":{"self":[{"href":"https:\/\/staging.nbg.eu\/da\/wp-json\/wp\/v2\/product\/60796","targetHints":{"allow":["GET"]}}],"collection":[{"href":"https:\/\/staging.nbg.eu\/da\/wp-json\/wp\/v2\/product"}],"about":[{"href":"https:\/\/staging.nbg.eu\/da\/wp-json\/wp\/v2\/types\/product"}],"wp:featuredmedia":[{"embeddable":true,"href":"https:\/\/staging.nbg.eu\/da\/wp-json\/wp\/v2\/media\/60797"}],"wp:attachment":[{"href":"https:\/\/staging.nbg.eu\/da\/wp-json\/wp\/v2\/media?parent=60796"}],"wp:term":[{"taxonomy":"product_brand","embeddable":true,"href":"https:\/\/staging.nbg.eu\/da\/wp-json\/wp\/v2\/product_brand?post=60796"},{"taxonomy":"product_cat","embeddable":true,"href":"https:\/\/staging.nbg.eu\/da\/wp-json\/wp\/v2\/product_cat?post=60796"},{"taxonomy":"product_tag","embeddable":true,"href":"https:\/\/staging.nbg.eu\/da\/wp-json\/wp\/v2\/product_tag?post=60796"}],"curies":[{"name":"wp","href":"https:\/\/api.w.org\/{rel}","templated":true}]}}