{"id":60393,"date":"2024-02-15T07:17:14","date_gmt":"2024-02-15T07:17:14","guid":{"rendered":"https:\/\/staging.nbg.eu\/product\/geissele-super-42-rifle-length-spring\/"},"modified":"2024-09-13T16:16:17","modified_gmt":"2024-09-13T16:16:17","slug":"geissele-super-42-riffel-laengde-fjeder","status":"publish","type":"product","link":"https:\/\/staging.nbg.eu\/da\/vare\/geissele-super-42-riffel-laengde-fjeder\/","title":{"rendered":"Geissele Super 42 Riffel L\u00e6ngde Fjeder"},"content":{"rendered":"<p>\nForbedre din M-16\/AR-15&#8217;s ydeevne med Geissele Super 42 riffel-l\u00e6ngde fjeder. Dens trippel-tr\u00e5ds design fungerer som en harmonisk d\u00e6mper, der absorberer energi og reducerer fjedersvigt. Den giver forbedret p\u00e5lidelighed, reduceret &#8220;twang&#8221; lyd og er kompatibel med standard riffel-l\u00e6ngde buffere og r\u00f8r. Fjederen passer til din riffel.<\/p>\n","protected":false},"excerpt":{"rendered":"<p>Forbedrer AR-15-ydeevnen med Geissele&#8217;s innovative 3-strengs fjeder.<\/p>\n","protected":false},"featured_media":60394,"template":"","meta":{"_acf_changed":false},"product_brand":[11380],"product_cat":[13150,13139,13088],"product_tag":[],"class_list":{"0":"post-60393","1":"product","2":"type-product","3":"status-publish","4":"has-post-thumbnail","6":"product_brand-geissele","7":"product_cat-fjedre","8":"product_cat-riffel","9":"product_cat-riffel-tuning","11":"first","12":"instock","13":"taxable","14":"shipping-taxable","15":"product-type-simple"},"acf":[],"_links":{"self":[{"href":"https:\/\/staging.nbg.eu\/da\/wp-json\/wp\/v2\/product\/60393","targetHints":{"allow":["GET"]}}],"collection":[{"href":"https:\/\/staging.nbg.eu\/da\/wp-json\/wp\/v2\/product"}],"about":[{"href":"https:\/\/staging.nbg.eu\/da\/wp-json\/wp\/v2\/types\/product"}],"wp:featuredmedia":[{"embeddable":true,"href":"https:\/\/staging.nbg.eu\/da\/wp-json\/wp\/v2\/media\/60394"}],"wp:attachment":[{"href":"https:\/\/staging.nbg.eu\/da\/wp-json\/wp\/v2\/media?parent=60393"}],"wp:term":[{"taxonomy":"product_brand","embeddable":true,"href":"https:\/\/staging.nbg.eu\/da\/wp-json\/wp\/v2\/product_brand?post=60393"},{"taxonomy":"product_cat","embeddable":true,"href":"https:\/\/staging.nbg.eu\/da\/wp-json\/wp\/v2\/product_cat?post=60393"},{"taxonomy":"product_tag","embeddable":true,"href":"https:\/\/staging.nbg.eu\/da\/wp-json\/wp\/v2\/product_tag?post=60393"}],"curies":[{"name":"wp","href":"https:\/\/api.w.org\/{rel}","templated":true}]}}