{"id":60183,"date":"2024-02-15T07:27:09","date_gmt":"2024-09-13T16:10:43","guid":{"rendered":"https:\/\/staging.nbg.eu\/product\/geissele-super-charging-handle-sch-5-56\/"},"modified":"2024-09-13T16:11:30","modified_gmt":"2024-09-13T16:11:30","slug":"geissele-super-ladehandtag-sch-556","status":"publish","type":"product","link":"https:\/\/staging.nbg.eu\/da\/vare\/geissele-super-ladehandtag-sch-556\/","title":{"rendered":"Geissele Super Ladeh\u00e5ndtag (SCH\u00ae) 5.56"},"content":{"rendered":"<div class=\"product-description\">\n<h2>Geissele Super Charging Handle (SCH\u00ae) 5.56<\/h2>\n<p>Pr\u00e6cisionsfremstillet af 7075-T6 aluminium, denne ambidekstr\u00f8se ladearm har f\u00f8lgende egenskaber:<\/p>\n<ul>\n<li>Dobbeltkontursarme med ternet greb<\/li>\n<li>Forbedret gasreduktion til systemer med lydd\u00e6mper<\/li>\n<li>Type 3 h\u00e5rd anodiseret overflade<\/li>\n<li>F\u00e5s i sort og DDC<\/li>\n<\/ul>\n<p>Forbedrer din AR-15&#8217;s ergonomi og holdbarhed.<\/p>\n<\/div>\n","protected":false},"excerpt":{"rendered":"<p>Ambidekstr\u00f8st ladearm i 7075-T6 aluminium. Gasreducerende design.<\/p>\n","protected":false},"featured_media":60184,"template":"","meta":{"_acf_changed":false},"product_brand":[11380],"product_cat":[13094,13139,13088],"product_tag":[],"class_list":{"0":"post-60183","1":"product","2":"type-product","3":"status-publish","4":"has-post-thumbnail","6":"product_brand-geissele","7":"product_cat-ladegreb","8":"product_cat-riffel","9":"product_cat-riffel-tuning","11":"first","12":"instock","13":"taxable","14":"shipping-taxable","15":"product-type-variable","16":"wvs-archive-product-wrapper"},"acf":[],"_links":{"self":[{"href":"https:\/\/staging.nbg.eu\/da\/wp-json\/wp\/v2\/product\/60183","targetHints":{"allow":["GET"]}}],"collection":[{"href":"https:\/\/staging.nbg.eu\/da\/wp-json\/wp\/v2\/product"}],"about":[{"href":"https:\/\/staging.nbg.eu\/da\/wp-json\/wp\/v2\/types\/product"}],"wp:featuredmedia":[{"embeddable":true,"href":"https:\/\/staging.nbg.eu\/da\/wp-json\/wp\/v2\/media\/60184"}],"wp:attachment":[{"href":"https:\/\/staging.nbg.eu\/da\/wp-json\/wp\/v2\/media?parent=60183"}],"wp:term":[{"taxonomy":"product_brand","embeddable":true,"href":"https:\/\/staging.nbg.eu\/da\/wp-json\/wp\/v2\/product_brand?post=60183"},{"taxonomy":"product_cat","embeddable":true,"href":"https:\/\/staging.nbg.eu\/da\/wp-json\/wp\/v2\/product_cat?post=60183"},{"taxonomy":"product_tag","embeddable":true,"href":"https:\/\/staging.nbg.eu\/da\/wp-json\/wp\/v2\/product_tag?post=60183"}],"curies":[{"name":"wp","href":"https:\/\/api.w.org\/{rel}","templated":true}]}}