{"id":59957,"date":"2024-02-15T07:54:43","date_gmt":"2024-09-13T16:09:04","guid":{"rendered":"https:\/\/staging.nbg.eu\/product\/geissele-super-charging-handle-sch-7-62\/"},"modified":"2024-09-13T16:09:51","modified_gmt":"2024-09-13T16:09:51","slug":"geissele-super-ladehandtag-sch-762","status":"publish","type":"product","link":"https:\/\/staging.nbg.eu\/da\/vare\/geissele-super-ladehandtag-sch-762\/","title":{"rendered":"Geissele Super Ladeh\u00e5ndtag (SCH\u00ae) 7.62"},"content":{"rendered":"<div class=\"product-description\">\n<h2>Geissele Super Charging Handle (SCH\u00ae) 7.62<\/h2>\n<p>SCH\u00ae 7.62 er et ambidekstr\u00f8st ladehandtag fremstillet af 7075-T6 aluminium. Det har formede greb med skridsikre overflader for nem betjening med handsker. Den forh\u00f8jede bagkant reducerer gasudslip, velegnet til korte l\u00f8b og lydd\u00e6mpede systemer. Overfladebehandlet med Type 3 Hardcoat anodisering, f\u00e5s i Sort og DDC.<\/p>\n<p>Kompatibel med de fleste SR25, DPMS\/LR308 og AR10 m\u00f8nstre. Bekr\u00e6ft kompatibilitet med din v\u00e5benproducent f\u00f8r installation.<\/p>\n<p><strong>Ikke kompatibel med:<\/strong> HK 762, Colt 901, DPMS GII, Adams Arms .308 Patrol Rifle, Daniel Defense DD5, Sig 716, BPM Long Range Marksman .308, Smith &amp; Wesson MP-10, Bushmaster BAR-10, Rock River Arms LAR-8.<\/p>\n<\/div>\n","protected":false},"excerpt":{"rendered":"<p>Ambidekstr\u00f8st ladegreb i 7075-T6 aluminium til 7,62 rifler.<\/p>\n","protected":false},"featured_media":59958,"template":"","meta":{"_acf_changed":false},"product_brand":[11380],"product_cat":[13094,13139,13088],"product_tag":[],"class_list":{"0":"post-59957","1":"product","2":"type-product","3":"status-publish","4":"has-post-thumbnail","6":"product_brand-geissele","7":"product_cat-ladegreb","8":"product_cat-riffel","9":"product_cat-riffel-tuning","11":"first","12":"instock","13":"taxable","14":"shipping-taxable","15":"product-type-variable","16":"wvs-archive-product-wrapper"},"acf":[],"_links":{"self":[{"href":"https:\/\/staging.nbg.eu\/da\/wp-json\/wp\/v2\/product\/59957","targetHints":{"allow":["GET"]}}],"collection":[{"href":"https:\/\/staging.nbg.eu\/da\/wp-json\/wp\/v2\/product"}],"about":[{"href":"https:\/\/staging.nbg.eu\/da\/wp-json\/wp\/v2\/types\/product"}],"wp:featuredmedia":[{"embeddable":true,"href":"https:\/\/staging.nbg.eu\/da\/wp-json\/wp\/v2\/media\/59958"}],"wp:attachment":[{"href":"https:\/\/staging.nbg.eu\/da\/wp-json\/wp\/v2\/media?parent=59957"}],"wp:term":[{"taxonomy":"product_brand","embeddable":true,"href":"https:\/\/staging.nbg.eu\/da\/wp-json\/wp\/v2\/product_brand?post=59957"},{"taxonomy":"product_cat","embeddable":true,"href":"https:\/\/staging.nbg.eu\/da\/wp-json\/wp\/v2\/product_cat?post=59957"},{"taxonomy":"product_tag","embeddable":true,"href":"https:\/\/staging.nbg.eu\/da\/wp-json\/wp\/v2\/product_tag?post=59957"}],"curies":[{"name":"wp","href":"https:\/\/api.w.org\/{rel}","templated":true}]}}