{"id":59841,"date":"2024-02-15T10:31:20","date_gmt":"2024-09-13T16:05:25","guid":{"rendered":"https:\/\/staging.nbg.eu\/product\/geissele-super-configurable-safety-selector-black\/"},"modified":"2024-09-13T16:06:06","modified_gmt":"2024-09-13T16:06:06","slug":"geissele-super-konfigurerbar-sikringsvaelger-sort","status":"publish","type":"product","link":"https:\/\/staging.nbg.eu\/da\/vare\/geissele-super-konfigurerbar-sikringsvaelger-sort\/","title":{"rendered":"Geissele Super Konfigurerbar Sikringsv\u00e6lger &#8211; Sort"},"content":{"rendered":"<div class=\"product-description\">\n<h2>Geissele Konfigurerbar Sikkerhedsv\u00e6lger &#8211; Sort<\/h2>\n<p>Ambidekstr\u00f8s sikkerhedsv\u00e6lger til karbiner. Har udskiftelige h\u00e5ndtag for tilpasning. Fjederbelastet stempeldesign forhindrer tab under reng\u00f8ring. Fremstillet af rustfrit st\u00e5l. Forbedrer v\u00e5benets sikkerhed og brugervenlighed.<\/p>\n<\/div>\n","protected":false},"excerpt":{"rendered":"<p>Ambidekstr\u00f8s, konfigurerbar sikkerhedsv\u00e6lger til AR-15. Holdbart st\u00e5l.<\/p>\n","protected":false},"featured_media":59842,"template":"","meta":{"_acf_changed":false},"product_brand":[11380],"product_cat":[13139,13088],"product_tag":[],"class_list":{"0":"post-59841","1":"product","2":"type-product","3":"status-publish","4":"has-post-thumbnail","6":"product_brand-geissele","7":"product_cat-riffel","8":"product_cat-riffel-tuning","10":"first","11":"instock","12":"taxable","13":"shipping-taxable","14":"product-type-simple"},"acf":[],"_links":{"self":[{"href":"https:\/\/staging.nbg.eu\/da\/wp-json\/wp\/v2\/product\/59841","targetHints":{"allow":["GET"]}}],"collection":[{"href":"https:\/\/staging.nbg.eu\/da\/wp-json\/wp\/v2\/product"}],"about":[{"href":"https:\/\/staging.nbg.eu\/da\/wp-json\/wp\/v2\/types\/product"}],"wp:featuredmedia":[{"embeddable":true,"href":"https:\/\/staging.nbg.eu\/da\/wp-json\/wp\/v2\/media\/59842"}],"wp:attachment":[{"href":"https:\/\/staging.nbg.eu\/da\/wp-json\/wp\/v2\/media?parent=59841"}],"wp:term":[{"taxonomy":"product_brand","embeddable":true,"href":"https:\/\/staging.nbg.eu\/da\/wp-json\/wp\/v2\/product_brand?post=59841"},{"taxonomy":"product_cat","embeddable":true,"href":"https:\/\/staging.nbg.eu\/da\/wp-json\/wp\/v2\/product_cat?post=59841"},{"taxonomy":"product_tag","embeddable":true,"href":"https:\/\/staging.nbg.eu\/da\/wp-json\/wp\/v2\/product_tag?post=59841"}],"curies":[{"name":"wp","href":"https:\/\/api.w.org\/{rel}","templated":true}]}}