{"id":59667,"date":"2024-02-15T10:48:43","date_gmt":"2024-09-13T16:01:47","guid":{"rendered":"https:\/\/staging.nbg.eu\/product\/geissele-maritime-bolt-catch\/"},"modified":"2024-09-13T16:02:29","modified_gmt":"2024-09-13T16:02:29","slug":"geissele-maritime-bundlas","status":"publish","type":"product","link":"https:\/\/staging.nbg.eu\/da\/vare\/geissele-maritime-bundlas\/","title":{"rendered":"Geissele Maritime Bundl\u00e5s"},"content":{"rendered":"<p>\nGeissele Maritime l\u00e5seboltfanger forbedrer AR-15&#8217;s funktionalitet:<\/p>\n<ul>\n<li>Kompatibel med mil-spec M16\/M4 nedre modtagere<\/li>\n<li>For\u00f8get overfladeareal for lettere betjening<\/li>\n<li>Udvidede kontroller for venstreh\u00e5ndede skytter<\/li>\n<li>Skridsikker overflade for bedre greb<\/li>\n<li>Velegnet til brug med handsker eller i d\u00e5rlige lysforhold<\/li>\n<\/ul>\n<p>Opgrader dit gev\u00e6r med denne l\u00e5seboltfanger designet til b\u00e5de professionelle og entusiaster.<\/p>\n","protected":false},"excerpt":{"rendered":"<p>Forbedret boltfang med st\u00f8rre overflade for lettere betjening.<\/p>\n","protected":false},"featured_media":59668,"template":"","meta":{"_acf_changed":false},"product_brand":[11380],"product_cat":[13139,13088],"product_tag":[],"class_list":{"0":"post-59667","1":"product","2":"type-product","3":"status-publish","4":"has-post-thumbnail","6":"product_brand-geissele","7":"product_cat-riffel","8":"product_cat-riffel-tuning","10":"first","11":"instock","12":"taxable","13":"shipping-taxable","14":"product-type-simple"},"acf":[],"_links":{"self":[{"href":"https:\/\/staging.nbg.eu\/da\/wp-json\/wp\/v2\/product\/59667","targetHints":{"allow":["GET"]}}],"collection":[{"href":"https:\/\/staging.nbg.eu\/da\/wp-json\/wp\/v2\/product"}],"about":[{"href":"https:\/\/staging.nbg.eu\/da\/wp-json\/wp\/v2\/types\/product"}],"wp:featuredmedia":[{"embeddable":true,"href":"https:\/\/staging.nbg.eu\/da\/wp-json\/wp\/v2\/media\/59668"}],"wp:attachment":[{"href":"https:\/\/staging.nbg.eu\/da\/wp-json\/wp\/v2\/media?parent=59667"}],"wp:term":[{"taxonomy":"product_brand","embeddable":true,"href":"https:\/\/staging.nbg.eu\/da\/wp-json\/wp\/v2\/product_brand?post=59667"},{"taxonomy":"product_cat","embeddable":true,"href":"https:\/\/staging.nbg.eu\/da\/wp-json\/wp\/v2\/product_cat?post=59667"},{"taxonomy":"product_tag","embeddable":true,"href":"https:\/\/staging.nbg.eu\/da\/wp-json\/wp\/v2\/product_tag?post=59667"}],"curies":[{"name":"wp","href":"https:\/\/api.w.org\/{rel}","templated":true}]}}