{"id":58821,"date":"2024-02-15T19:41:39","date_gmt":"2024-09-13T15:17:17","guid":{"rendered":"https:\/\/staging.nbg.eu\/product\/geissele-super-gas-block-black\/"},"modified":"2024-09-13T15:17:59","modified_gmt":"2024-09-13T15:17:59","slug":"geissele-super-gasblok-sort","status":"publish","type":"product","link":"https:\/\/staging.nbg.eu\/da\/vare\/geissele-super-gasblok-sort\/","title":{"rendered":"Geissele Super Gasblok &#8211; Sort"},"content":{"rendered":"<div class=\"product-description\">\n<h2>Geissele Super Gas Blok &#8211; Sort<\/h2>\n<p>Geissele Super Gas Blokken er en lav-profil komponent designet til at passe under de fleste fritsv\u00e6vende h\u00e5ndst\u00f8tter. Den er fremstillet af 17-4 udf\u00e6ldningsh\u00e6rdende rustfrit st\u00e5l, hvilket giver korrosionsbestandighed og holdbarhed.<\/p>\n<ul>\n<li>T\u00e5ler tusindvis af skud<\/li>\n<li>Inkluderer standard s\u00e6tskrue og &#8220;Bombproof Installation&#8221; metoder<\/li>\n<li>Spiralstift l\u00e5ser gasblokken p\u00e5 plads for stabilitet<\/li>\n<li>Rustfri st\u00e5lstift sikrer korrekt justering med Geissele CHF l\u00f8b<\/li>\n<\/ul>\n<p>Geissele Super Gas Blokken er designet til at fungere under alle driftsforhold.<\/p>\n<\/div>\n","protected":false},"excerpt":{"rendered":"<p>Lavprofil, holdbar gasblok i rustfrit st\u00e5l til AR-15 rifler.<\/p>\n","protected":false},"featured_media":58822,"template":"","meta":{"_acf_changed":false},"product_brand":[11380],"product_cat":[13139,13088],"product_tag":[],"class_list":{"0":"post-58821","1":"product","2":"type-product","3":"status-publish","4":"has-post-thumbnail","6":"product_brand-geissele","7":"product_cat-riffel","8":"product_cat-riffel-tuning","10":"first","11":"instock","12":"taxable","13":"shipping-taxable","14":"product-type-simple"},"acf":[],"_links":{"self":[{"href":"https:\/\/staging.nbg.eu\/da\/wp-json\/wp\/v2\/product\/58821","targetHints":{"allow":["GET"]}}],"collection":[{"href":"https:\/\/staging.nbg.eu\/da\/wp-json\/wp\/v2\/product"}],"about":[{"href":"https:\/\/staging.nbg.eu\/da\/wp-json\/wp\/v2\/types\/product"}],"wp:featuredmedia":[{"embeddable":true,"href":"https:\/\/staging.nbg.eu\/da\/wp-json\/wp\/v2\/media\/58822"}],"wp:attachment":[{"href":"https:\/\/staging.nbg.eu\/da\/wp-json\/wp\/v2\/media?parent=58821"}],"wp:term":[{"taxonomy":"product_brand","embeddable":true,"href":"https:\/\/staging.nbg.eu\/da\/wp-json\/wp\/v2\/product_brand?post=58821"},{"taxonomy":"product_cat","embeddable":true,"href":"https:\/\/staging.nbg.eu\/da\/wp-json\/wp\/v2\/product_cat?post=58821"},{"taxonomy":"product_tag","embeddable":true,"href":"https:\/\/staging.nbg.eu\/da\/wp-json\/wp\/v2\/product_tag?post=58821"}],"curies":[{"name":"wp","href":"https:\/\/api.w.org\/{rel}","templated":true}]}}