{"id":582551,"date":"2025-10-10T18:10:11","date_gmt":"2025-10-10T15:10:11","guid":{"rendered":"https:\/\/staging.nbg.eu\/product\/daa-gripz-grip-enhancer-75-ml\/"},"modified":"2025-10-16T13:57:07","modified_gmt":"2025-10-16T10:57:07","slug":"daa-gripz-grebsforbedrer-75-ml","status":"publish","type":"product","link":"https:\/\/staging.nbg.eu\/da\/vare\/daa-gripz-grebsforbedrer-75-ml\/","title":{"rendered":"DAA GRIPZ &#8211; Grebsforbedrer 75 ml"},"content":{"rendered":"<div class=\"product-description\">\n<h2>DAA GRIPZ &#8211; Grebsforbedrer 75 ml<\/h2>\n<p>DAA GRIPZ er en grebsforbedrende lotion til IPSC og USPSA pistolskydning. Denne 75ml flaske sikrer et sikkert greb under v\u00e5de forhold og i ekstrem varme.<\/p>\n<ul>\n<li>Silica-baseret formel med alkohol og stabilisatorer<\/li>\n<li>Praktisk &#8220;Snap-cap&#8221; lukning til nem adgang med \u00e9n h\u00e5nd<\/li>\n<li>Renere p\u00e5f\u00f8ring &#8211; t\u00f8rrer ikke hvidt eller gnides nemt af p\u00e5 t\u00f8j og pistolgreb<\/li>\n<li>Velegnet til at holde h\u00e5ndfladerne t\u00f8rre og sikre et fast greb under skydning<\/li>\n<\/ul>\n<p>DAA GRIPZ kan forbedre din skydning.<\/p>\n<\/div>\n","protected":false},"excerpt":{"rendered":"<p>DAA GRIPZ: Forbedrer grebet for pr\u00e6cis skydning. 75 ml flaske.<\/p>\n","protected":false},"featured_media":582578,"template":"","meta":{"_acf_changed":false},"product_brand":[],"product_cat":[13155],"product_tag":[],"class_list":{"0":"post-582551","1":"product","2":"type-product","3":"status-publish","4":"has-post-thumbnail","6":"product_cat-ukategoriseret","8":"first","9":"instock","10":"taxable","11":"shipping-taxable","12":"purchasable","13":"product-type-simple"},"acf":[],"_links":{"self":[{"href":"https:\/\/staging.nbg.eu\/da\/wp-json\/wp\/v2\/product\/582551","targetHints":{"allow":["GET"]}}],"collection":[{"href":"https:\/\/staging.nbg.eu\/da\/wp-json\/wp\/v2\/product"}],"about":[{"href":"https:\/\/staging.nbg.eu\/da\/wp-json\/wp\/v2\/types\/product"}],"wp:featuredmedia":[{"embeddable":true,"href":"https:\/\/staging.nbg.eu\/da\/wp-json\/wp\/v2\/media\/582578"}],"wp:attachment":[{"href":"https:\/\/staging.nbg.eu\/da\/wp-json\/wp\/v2\/media?parent=582551"}],"wp:term":[{"taxonomy":"product_brand","embeddable":true,"href":"https:\/\/staging.nbg.eu\/da\/wp-json\/wp\/v2\/product_brand?post=582551"},{"taxonomy":"product_cat","embeddable":true,"href":"https:\/\/staging.nbg.eu\/da\/wp-json\/wp\/v2\/product_cat?post=582551"},{"taxonomy":"product_tag","embeddable":true,"href":"https:\/\/staging.nbg.eu\/da\/wp-json\/wp\/v2\/product_tag?post=582551"}],"curies":[{"name":"wp","href":"https:\/\/api.w.org\/{rel}","templated":true}]}}