{"id":581654,"date":"2025-10-10T18:09:59","date_gmt":"2025-10-10T15:09:59","guid":{"rendered":"https:\/\/staging.nbg.eu\/product\/daa-x-ray-polymer-pouch-black\/"},"modified":"2025-10-16T11:22:00","modified_gmt":"2025-10-16T08:22:00","slug":"daa-x-ray-polymer-lomme-sort","status":"publish","type":"product","link":"https:\/\/staging.nbg.eu\/da\/vare\/daa-x-ray-polymer-lomme-sort\/","title":{"rendered":"DAA X-Ray Polymer Lomme &#8211; Sort"},"content":{"rendered":"<h2>DAA X-Ray Polymer Magasinholder &#8211; Sort<\/h2>\n<p>DAA X-Ray Polymer Magasinholder til konkurrencebrug har f\u00f8lgende egenskaber:<\/p>\n<ul>\n<li>Udsk\u00e5ret design for reduceret v\u00e6gt<\/li>\n<li>8 monteringspunkter til brug for b\u00e5de venstre- og h\u00f8jreh\u00e5ndede<\/li>\n<li>3 s\u00e6t afstandsstykker kompatible med de fleste dobbeltstakkede magasiner<\/li>\n<li>Fiberforst\u00e6rket polymerkonstruktion<\/li>\n<li>Optimeret \u00f8vre kant for lettere inds\u00e6tning af magasin<\/li>\n<li>Sikker stilleskrue for at forhindre utilsigtet \u00e5bning<\/li>\n<li>Forst\u00f8rret 13mm kugleled for \u00f8get stabilitet<\/li>\n<li>V\u00e6rkt\u00f8jsfri sp\u00e6ndingsjustering med stort justeringshjul<\/li>\n<\/ul>\n<p>DAA X-Ray Polymer Magasinholder er designet til brug p\u00e5 skydebanen.<\/p>\n","protected":false},"excerpt":{"rendered":"<p>DAA X-Ray Polymer-lomme: Elegant, alsidig og sikker magasinholder til konkurrenceskytter.<\/p>\n","protected":false},"featured_media":581746,"template":"","meta":{"_acf_changed":false},"product_brand":[],"product_cat":[13131,13109,13097,13106],"product_tag":[],"class_list":{"0":"post-581654","1":"product","2":"type-product","3":"status-publish","4":"has-post-thumbnail","6":"product_cat-sporthylster","7":"product_cat-sportsbaelter","8":"product_cat-tasker","9":"product_cat-udstyr","11":"first","12":"instock","13":"taxable","14":"shipping-taxable","15":"purchasable","16":"product-type-simple"},"acf":[],"_links":{"self":[{"href":"https:\/\/staging.nbg.eu\/da\/wp-json\/wp\/v2\/product\/581654","targetHints":{"allow":["GET"]}}],"collection":[{"href":"https:\/\/staging.nbg.eu\/da\/wp-json\/wp\/v2\/product"}],"about":[{"href":"https:\/\/staging.nbg.eu\/da\/wp-json\/wp\/v2\/types\/product"}],"wp:featuredmedia":[{"embeddable":true,"href":"https:\/\/staging.nbg.eu\/da\/wp-json\/wp\/v2\/media\/581746"}],"wp:attachment":[{"href":"https:\/\/staging.nbg.eu\/da\/wp-json\/wp\/v2\/media?parent=581654"}],"wp:term":[{"taxonomy":"product_brand","embeddable":true,"href":"https:\/\/staging.nbg.eu\/da\/wp-json\/wp\/v2\/product_brand?post=581654"},{"taxonomy":"product_cat","embeddable":true,"href":"https:\/\/staging.nbg.eu\/da\/wp-json\/wp\/v2\/product_cat?post=581654"},{"taxonomy":"product_tag","embeddable":true,"href":"https:\/\/staging.nbg.eu\/da\/wp-json\/wp\/v2\/product_tag?post=581654"}],"curies":[{"name":"wp","href":"https:\/\/api.w.org\/{rel}","templated":true}]}}