{"id":577946,"date":"2025-10-10T18:01:49","date_gmt":"2025-10-10T15:01:49","guid":{"rendered":"https:\/\/staging.nbg.eu\/product\/x-ray-pcc-spacer-rh\/"},"modified":"2025-10-15T12:42:38","modified_gmt":"2025-10-15T09:42:38","slug":"x-ray-pcc-afstandsstykke-rh","status":"publish","type":"product","link":"https:\/\/staging.nbg.eu\/da\/vare\/x-ray-pcc-afstandsstykke-rh\/","title":{"rendered":"X-Ray PCC Afstandsstykke RH"},"content":{"rendered":"<h2>X-Ray PCC Forl\u00e6nget Magasinafstandsstykke RH<\/h2>\n<p>Dette X-Ray PCC Forl\u00e6ngede Magasinafstandsstykke er til h\u00f8jreh\u00e5ndede skytter. Det er designet til brug med forl\u00e6ngede Glock-magasiner i skeletformede DAA X-Ray-hylstre. Dette afstandsstykke erstatter standardversionen og tillader lange magasiner at str\u00e6kke sig gennem bunden af hylsteret for bedre balance og sikkerhed.<\/p>\n<h2>Hovedfunktioner:<\/h2>\n<ul>\n<li>Kompatibel med aluminium og polymer DAA X-Ray-hylstre<\/li>\n<li>Specifikt designet til forl\u00e6ngede Glock PCC-magasiner<\/li>\n<li>St\u00f8ttearm placeret bag magasinet<\/li>\n<li>Forbedrer balance og fastholdelse<\/li>\n<li>Hurtig og nem installation<\/li>\n<\/ul>\n<p>Bem\u00e6rk: Medium bagafstandsstykke anbefales (inkluderet med X-Ray-hylstre). Magasinhylster og magasin er ikke inkluderet. Kun \u00e9t afstandsstykke.<\/p>\n","protected":false},"excerpt":{"rendered":"<p>Fastg\u00f8r forl\u00e6ngede PCC-magasiner i DAA X-Ray-lommer. H\u00f8jreh\u00e5nds version.<\/p>\n","protected":false},"featured_media":578009,"template":"","meta":{"_acf_changed":false},"product_brand":[],"product_cat":[13097,13106],"product_tag":[],"class_list":{"0":"post-577946","1":"product","2":"type-product","3":"status-publish","4":"has-post-thumbnail","6":"product_cat-tasker","7":"product_cat-udstyr","9":"first","10":"instock","11":"taxable","12":"shipping-taxable","13":"purchasable","14":"product-type-simple"},"acf":[],"_links":{"self":[{"href":"https:\/\/staging.nbg.eu\/da\/wp-json\/wp\/v2\/product\/577946","targetHints":{"allow":["GET"]}}],"collection":[{"href":"https:\/\/staging.nbg.eu\/da\/wp-json\/wp\/v2\/product"}],"about":[{"href":"https:\/\/staging.nbg.eu\/da\/wp-json\/wp\/v2\/types\/product"}],"wp:featuredmedia":[{"embeddable":true,"href":"https:\/\/staging.nbg.eu\/da\/wp-json\/wp\/v2\/media\/578009"}],"wp:attachment":[{"href":"https:\/\/staging.nbg.eu\/da\/wp-json\/wp\/v2\/media?parent=577946"}],"wp:term":[{"taxonomy":"product_brand","embeddable":true,"href":"https:\/\/staging.nbg.eu\/da\/wp-json\/wp\/v2\/product_brand?post=577946"},{"taxonomy":"product_cat","embeddable":true,"href":"https:\/\/staging.nbg.eu\/da\/wp-json\/wp\/v2\/product_cat?post=577946"},{"taxonomy":"product_tag","embeddable":true,"href":"https:\/\/staging.nbg.eu\/da\/wp-json\/wp\/v2\/product_tag?post=577946"}],"curies":[{"name":"wp","href":"https:\/\/api.w.org\/{rel}","templated":true}]}}