{"id":576658,"date":"2025-10-10T15:52:39","date_gmt":"2025-10-10T12:52:39","guid":{"rendered":"https:\/\/staging.nbg.eu\/product\/adapter-single-arta435-52-52mm\/"},"modified":"2025-10-15T12:10:51","modified_gmt":"2025-10-15T09:10:51","slug":"adapter-enkelt-arta435-52-52mm","status":"publish","type":"product","link":"https:\/\/staging.nbg.eu\/da\/vare\/adapter-enkelt-arta435-52-52mm\/","title":{"rendered":"Adapter enkelt ARTA435-52, 52mm"},"content":{"rendered":"<div class=\"product-description\">\n<h2>Adapter enkelt ARTA435-52, 52mm<\/h2>\n<p>ARTA435-52 er en hurtigudl\u00f8snings klokkeadapter designet til Guide TA &amp; TB termiske clip-on enheder. Denne 52mm adapter er til at forbinde dagsigte med termisk clip-on.<\/p>\n<h2>Hovedfunktioner:<\/h2>\n<ul>\n<li>Kompatibel med enheder med M33.5&#215;0.75 gevind<\/li>\n<li>Fremstillet af aluminium<\/li>\n<li>Bev\u00e6gelige dele lavet af h\u00e6rdet st\u00e5l<\/li>\n<li>Indvendig beskyttelsesbel\u00e6gning<\/li>\n<li>Sikrer greb og beskytter optik<\/li>\n<li>Hurtigudl\u00f8sningsmekanisme til nem montering<\/li>\n<\/ul>\n<h2>Kompatibilitet:<\/h2>\n<p>Denne adapter er kompatibel med forskellige termiske clip-ons, herunder:<\/p>\n<ul>\n<li>Guide TB &amp; TA Serie<\/li>\n<li>Athlon Cronus ATS Pro<\/li>\n<li>Burris BTC50, BTC35 v2 &amp; v3<\/li>\n<li>Steiner Nighthunter C35 Gen I &amp; Gen II<\/li>\n<li>Konus Fiery<\/li>\n<li>Nitehog Viper<\/li>\n<\/ul>\n<p>S\u00f8rg for, at dit rigteapparats objektiv har en udvendig diameter p\u00e5 52mm f\u00f8r k\u00f8b. For alternative monteringsmuligheder, overvej vores Picatinny-skinne adaptere i forskellige h\u00f8jder.<\/p>\n<p>Fremstillet af Rusan-Mikron, denne adapter passer til termisk billedudstyr. ARTA435-52 adapter er til jagt eller taktisk brug.<\/p>\n<\/div>\n","protected":false},"excerpt":{"rendered":"<p>52mm Rusan adapter til Guide termiske clip-ons. Hurtig-frig\u00f8relse, aluminium.<\/p>\n","protected":false},"featured_media":576742,"template":"","meta":{"_acf_changed":false},"product_brand":[],"product_cat":[13115,13072,13070],"product_tag":[],"class_list":{"0":"post-576658","1":"product","2":"type-product","3":"status-publish","4":"has-post-thumbnail","6":"product_cat-sigte","7":"product_cat-sigtetilbehor","8":"product_cat-termisk","10":"first","11":"outofstock","12":"taxable","13":"shipping-taxable","14":"purchasable","15":"product-type-simple"},"acf":[],"_links":{"self":[{"href":"https:\/\/staging.nbg.eu\/da\/wp-json\/wp\/v2\/product\/576658","targetHints":{"allow":["GET"]}}],"collection":[{"href":"https:\/\/staging.nbg.eu\/da\/wp-json\/wp\/v2\/product"}],"about":[{"href":"https:\/\/staging.nbg.eu\/da\/wp-json\/wp\/v2\/types\/product"}],"wp:featuredmedia":[{"embeddable":true,"href":"https:\/\/staging.nbg.eu\/da\/wp-json\/wp\/v2\/media\/576742"}],"wp:attachment":[{"href":"https:\/\/staging.nbg.eu\/da\/wp-json\/wp\/v2\/media?parent=576658"}],"wp:term":[{"taxonomy":"product_brand","embeddable":true,"href":"https:\/\/staging.nbg.eu\/da\/wp-json\/wp\/v2\/product_brand?post=576658"},{"taxonomy":"product_cat","embeddable":true,"href":"https:\/\/staging.nbg.eu\/da\/wp-json\/wp\/v2\/product_cat?post=576658"},{"taxonomy":"product_tag","embeddable":true,"href":"https:\/\/staging.nbg.eu\/da\/wp-json\/wp\/v2\/product_tag?post=576658"}],"curies":[{"name":"wp","href":"https:\/\/api.w.org\/{rel}","templated":true}]}}