{"id":575070,"date":"2025-10-10T12:34:49","date_gmt":"2025-10-10T09:34:49","guid":{"rendered":"https:\/\/staging.nbg.eu\/product\/grips-kmr-l-modular-brass\/"},"modified":"2025-10-15T11:28:28","modified_gmt":"2025-10-15T08:28:28","slug":"greb-kmr-l-modulaer-messing","status":"publish","type":"product","link":"https:\/\/staging.nbg.eu\/da\/vare\/greb-kmr-l-modulaer-messing\/","title":{"rendered":"GREB KMR L MODUL\u00c6R MESSING"},"content":{"rendered":"<h2>GRIPS KMR L MODUL\u00c6R MESSING<\/h2>\n<p><strong>Reference:<\/strong> 0611-04101-0316<\/p>\n<p>GRIPS KMR L MODUL\u00c6R MESSING er et greb i fuld st\u00f8rrelse designet til KMR uden magwell. Det modul\u00e6re m\u00f8nster giver et sikkert greb og kan tilpasses.<\/p>\n<h2>Kompatible v\u00e5ben:<\/h2>\n<ul>\n<li>KMR L-02 SPECTRA (2024 og frem)<\/li>\n<li>KMR L-02 SPECTRA (indtil 2023)<\/li>\n<li>KMR L-02 UMBRA<\/li>\n<li>KMR L-02 UMBRA (2024 og frem)<\/li>\n<li>KMR L-02 UMBRA (indtil 2023)<\/li>\n<\/ul>\n<p>Dette greb kan bruges til at opgradere din KMR for forbedret h\u00e5ndtering.<\/p>\n","protected":false},"excerpt":{"rendered":"<p>Modul\u00e6rt messinggreb i fuld st\u00f8rrelse til KMR L-02 SPECTRA\/UMBRA-modeller.<\/p>\n","protected":false},"featured_media":575094,"template":"","meta":{"_acf_changed":false},"product_brand":[],"product_cat":[13091],"product_tag":[],"class_list":{"0":"post-575070","1":"product","2":"type-product","3":"status-publish","4":"has-post-thumbnail","6":"product_cat-kmr-dele","8":"first","9":"instock","10":"taxable","11":"shipping-taxable","12":"purchasable","13":"product-type-simple"},"acf":[],"_links":{"self":[{"href":"https:\/\/staging.nbg.eu\/da\/wp-json\/wp\/v2\/product\/575070","targetHints":{"allow":["GET"]}}],"collection":[{"href":"https:\/\/staging.nbg.eu\/da\/wp-json\/wp\/v2\/product"}],"about":[{"href":"https:\/\/staging.nbg.eu\/da\/wp-json\/wp\/v2\/types\/product"}],"wp:featuredmedia":[{"embeddable":true,"href":"https:\/\/staging.nbg.eu\/da\/wp-json\/wp\/v2\/media\/575094"}],"wp:attachment":[{"href":"https:\/\/staging.nbg.eu\/da\/wp-json\/wp\/v2\/media?parent=575070"}],"wp:term":[{"taxonomy":"product_brand","embeddable":true,"href":"https:\/\/staging.nbg.eu\/da\/wp-json\/wp\/v2\/product_brand?post=575070"},{"taxonomy":"product_cat","embeddable":true,"href":"https:\/\/staging.nbg.eu\/da\/wp-json\/wp\/v2\/product_cat?post=575070"},{"taxonomy":"product_tag","embeddable":true,"href":"https:\/\/staging.nbg.eu\/da\/wp-json\/wp\/v2\/product_tag?post=575070"}],"curies":[{"name":"wp","href":"https:\/\/api.w.org\/{rel}","templated":true}]}}