{"id":574866,"date":"2025-10-10T12:34:48","date_gmt":"2025-10-10T09:34:48","guid":{"rendered":"https:\/\/staging.nbg.eu\/product\/trigger-kmr-sa-da-from-2024\/"},"modified":"2025-10-15T11:24:59","modified_gmt":"2025-10-15T08:24:59","slug":"aftraek-kmr-sada-fra-2024","status":"publish","type":"product","link":"https:\/\/staging.nbg.eu\/da\/vare\/aftraek-kmr-sada-fra-2024\/","title":{"rendered":"AFTR\u00c6K KMR SA\/DA (fra 2024)"},"content":{"rendered":"<h2>AFTR\u00c6KKER KMR SA\/DA (fra 2024)<\/h2>\n<h2>Reference: 0861-01503-0900 | M\u00e6rke: KMR Precision Arms<\/h2>\n<p>Erstat din KMR pistols aftr\u00e6kker med denne. Designet til alle KMR aluminium og st\u00e5lramme pistoler fremstillet fra 2024 og fremefter, denne SA\/DA st\u00e5laftr\u00e6kker tilbyder forbedret ydelse og p\u00e5lidelighed.<\/p>\n<ul>\n<li>Kompatibel med 3 mm aftr\u00e6kkerstift<\/li>\n<li>Fungerer med L SA\/DA eller W SA\/DA aftr\u00e6kkerstang<\/li>\n<li>Fabriksaftr\u00e6kkerfacon med riller for bedre greb<\/li>\n<li>Passer til KMR L-02 SPECTRA og UMBRA modeller (fra 2024)<\/li>\n<li>Kompatibel med KMR S-01 LANCE (OR) og S-02 (indtil 2023)<\/li>\n<li>Egnet til KMR W-02 UMBRA<\/li>\n<\/ul>\n<p>Forbedrer din skydeerfaring med denne KMR aftr\u00e6kker.<\/p>\n","protected":false},"excerpt":{"rendered":"<p>Udskiftnings SA\/DA st\u00e5l aftr\u00e6kker til KMR-pistoler, riflet design.<\/p>\n","protected":false},"featured_media":574892,"template":"","meta":{"_acf_changed":false},"product_brand":[],"product_cat":[13091],"product_tag":[],"class_list":{"0":"post-574866","1":"product","2":"type-product","3":"status-publish","4":"has-post-thumbnail","6":"product_cat-kmr-dele","8":"first","9":"instock","10":"taxable","11":"shipping-taxable","12":"purchasable","13":"product-type-simple"},"acf":[],"_links":{"self":[{"href":"https:\/\/staging.nbg.eu\/da\/wp-json\/wp\/v2\/product\/574866","targetHints":{"allow":["GET"]}}],"collection":[{"href":"https:\/\/staging.nbg.eu\/da\/wp-json\/wp\/v2\/product"}],"about":[{"href":"https:\/\/staging.nbg.eu\/da\/wp-json\/wp\/v2\/types\/product"}],"wp:featuredmedia":[{"embeddable":true,"href":"https:\/\/staging.nbg.eu\/da\/wp-json\/wp\/v2\/media\/574892"}],"wp:attachment":[{"href":"https:\/\/staging.nbg.eu\/da\/wp-json\/wp\/v2\/media?parent=574866"}],"wp:term":[{"taxonomy":"product_brand","embeddable":true,"href":"https:\/\/staging.nbg.eu\/da\/wp-json\/wp\/v2\/product_brand?post=574866"},{"taxonomy":"product_cat","embeddable":true,"href":"https:\/\/staging.nbg.eu\/da\/wp-json\/wp\/v2\/product_cat?post=574866"},{"taxonomy":"product_tag","embeddable":true,"href":"https:\/\/staging.nbg.eu\/da\/wp-json\/wp\/v2\/product_tag?post=574866"}],"curies":[{"name":"wp","href":"https:\/\/api.w.org\/{rel}","templated":true}]}}