{"id":574727,"date":"2025-10-10T12:34:45","date_gmt":"2025-10-10T09:34:45","guid":{"rendered":"https:\/\/staging.nbg.eu\/product\/trigger-kmr-sa-da-straight-from-2024\/"},"modified":"2025-10-15T11:10:41","modified_gmt":"2025-10-15T08:10:41","slug":"aftraek-kmr-sada-lige-fra-2024","status":"publish","type":"product","link":"https:\/\/staging.nbg.eu\/da\/vare\/aftraek-kmr-sada-lige-fra-2024\/","title":{"rendered":"AFTR\u00c6K KMR SA\/DA LIGE (fra 2024)"},"content":{"rendered":"<h2>AFTR\u00c6KKER KMR SA\/DA LIGE (fra 2024)<\/h2>\n<h2>Reference: 0861-02301-0900<\/h2>\n<h3>M\u00e6rke: KMR Precision Arms<\/h3>\n<p>AFTR\u00c6KKER KMR SA\/DA LIGE er designet til KMR-pistoler fremstillet fra 2024 og fremefter. Denne udskiftningsaftr\u00e6kker er kompatibel med b\u00e5de aluminium- og st\u00e5lrammede modeller.<\/p>\n<ul>\n<li>Lige aftr\u00e6kkersdesign<\/li>\n<li>Kompatibel med 3 mm aftr\u00e6kkersstift<\/li>\n<li>Fungerer med L SA\/DA eller W SA\/DA aftr\u00e6kkersstang<\/li>\n<li>Konstrueret af st\u00e5l<\/li>\n<li>Passer til KMR-modeller: L-02 SPECTRA, L-02 UMBRA, S-01 LANCE (OR), S-02 og W-02 UMBRA<\/li>\n<\/ul>\n<p>Denne lige aftr\u00e6kker er designet til brug i b\u00e5de enkelt- og dobbeltaktions-tilstand. Den er beregnet til at forbedre pr\u00e6cision og kontrol.<\/p>\n","protected":false},"excerpt":{"rendered":"<p>Lige SA\/DA st\u00e5l-aftr\u00e6kker til KMR-pistoler fra 2024. Kompatibel med 3mm stift.<\/p>\n","protected":false},"featured_media":574756,"template":"","meta":{"_acf_changed":false},"product_brand":[],"product_cat":[13091],"product_tag":[],"class_list":{"0":"post-574727","1":"product","2":"type-product","3":"status-publish","4":"has-post-thumbnail","6":"product_cat-kmr-dele","8":"first","9":"instock","10":"taxable","11":"shipping-taxable","12":"purchasable","13":"product-type-simple"},"acf":[],"_links":{"self":[{"href":"https:\/\/staging.nbg.eu\/da\/wp-json\/wp\/v2\/product\/574727","targetHints":{"allow":["GET"]}}],"collection":[{"href":"https:\/\/staging.nbg.eu\/da\/wp-json\/wp\/v2\/product"}],"about":[{"href":"https:\/\/staging.nbg.eu\/da\/wp-json\/wp\/v2\/types\/product"}],"wp:featuredmedia":[{"embeddable":true,"href":"https:\/\/staging.nbg.eu\/da\/wp-json\/wp\/v2\/media\/574756"}],"wp:attachment":[{"href":"https:\/\/staging.nbg.eu\/da\/wp-json\/wp\/v2\/media?parent=574727"}],"wp:term":[{"taxonomy":"product_brand","embeddable":true,"href":"https:\/\/staging.nbg.eu\/da\/wp-json\/wp\/v2\/product_brand?post=574727"},{"taxonomy":"product_cat","embeddable":true,"href":"https:\/\/staging.nbg.eu\/da\/wp-json\/wp\/v2\/product_cat?post=574727"},{"taxonomy":"product_tag","embeddable":true,"href":"https:\/\/staging.nbg.eu\/da\/wp-json\/wp\/v2\/product_tag?post=574727"}],"curies":[{"name":"wp","href":"https:\/\/api.w.org\/{rel}","templated":true}]}}