{"id":57369,"date":"2024-02-20T19:53:48","date_gmt":"2024-09-13T14:32:55","guid":{"rendered":"https:\/\/staging.nbg.eu\/product\/geissele-ar15-super-precision-30mm-extended\/"},"modified":"2024-09-13T14:33:45","modified_gmt":"2024-09-13T14:33:45","slug":"geissele-ar15-super-precision-30mm-forlaenget","status":"publish","type":"product","link":"https:\/\/staging.nbg.eu\/da\/vare\/geissele-ar15-super-precision-30mm-forlaenget\/","title":{"rendered":"Geissele AR15 Super Precision\u00ae 30mm, Forl\u00e6nget"},"content":{"rendered":"<div class=\"product-description\">\n<h2>Geissele AR15 Super Precision\u00ae 30mm, Forl\u00e6nget<\/h2>\n<p>Udviklet til brug med AR-15\/M4 \u00f8vre dele. Geissele Super Precision\u00ae 30mm Forl\u00e6nget Beslag tilbyder stabilitet og pr\u00e6cision. Egenskaber inkluderer:<\/p>\n<ul>\n<li>7-sektions picatinny-skinne med 4 forskydningsstop for sikker montering<\/li>\n<li>M\u00f8trik- og boltsp\u00e6ndesystem, der giver 1.400 lbs kraft pr. s\u00e6t<\/li>\n<li>Fremstillet af \u00e9t stykke 7075-T6 aluminium<\/li>\n<li>Forst\u00e6rket gennem strategisk udhuling og ribbedannelse<\/li>\n<li>Pr\u00e6cisionsborede kapper for bedre kikkertsigtepasform og beskyttelse<\/li>\n<li>Fleksible kappepositioner til forskellige kikkertsigtdesign<\/li>\n<\/ul>\n<p>Dette kikkertsigtbeslag er designet til at modst\u00e5 h\u00e5rde forhold og giver n\u00f8jagtig tilbagevenden til nulpunkt.<\/p>\n<\/div>\n","protected":false},"excerpt":{"rendered":"<p>Pr\u00e6cisions 30mm AR-15 kikkertsigtemontering. Sikker, holdbar, fremstillet af 7075-T6 aluminium.<\/p>\n","protected":false},"featured_media":57370,"template":"","meta":{"_acf_changed":false},"product_brand":[11380],"product_cat":[13139],"product_tag":[],"class_list":{"0":"post-57369","1":"product","2":"type-product","3":"status-publish","4":"has-post-thumbnail","6":"product_brand-geissele","7":"product_cat-riffel","9":"first","10":"instock","11":"taxable","12":"shipping-taxable","13":"product-type-variable","14":"wvs-archive-product-wrapper"},"acf":[],"_links":{"self":[{"href":"https:\/\/staging.nbg.eu\/da\/wp-json\/wp\/v2\/product\/57369","targetHints":{"allow":["GET"]}}],"collection":[{"href":"https:\/\/staging.nbg.eu\/da\/wp-json\/wp\/v2\/product"}],"about":[{"href":"https:\/\/staging.nbg.eu\/da\/wp-json\/wp\/v2\/types\/product"}],"wp:featuredmedia":[{"embeddable":true,"href":"https:\/\/staging.nbg.eu\/da\/wp-json\/wp\/v2\/media\/57370"}],"wp:attachment":[{"href":"https:\/\/staging.nbg.eu\/da\/wp-json\/wp\/v2\/media?parent=57369"}],"wp:term":[{"taxonomy":"product_brand","embeddable":true,"href":"https:\/\/staging.nbg.eu\/da\/wp-json\/wp\/v2\/product_brand?post=57369"},{"taxonomy":"product_cat","embeddable":true,"href":"https:\/\/staging.nbg.eu\/da\/wp-json\/wp\/v2\/product_cat?post=57369"},{"taxonomy":"product_tag","embeddable":true,"href":"https:\/\/staging.nbg.eu\/da\/wp-json\/wp\/v2\/product_tag?post=57369"}],"curies":[{"name":"wp","href":"https:\/\/api.w.org\/{rel}","templated":true}]}}