{"id":56599,"date":"2024-02-20T20:12:58","date_gmt":"2024-09-13T13:32:03","guid":{"rendered":"https:\/\/staging.nbg.eu\/product\/geissele-super-precision-scope-mount-30mm-for-ar-15-vortex-1-6\/"},"modified":"2024-09-13T13:32:50","modified_gmt":"2024-09-13T13:32:50","slug":"geissele-super-precision-kikkertsiktemontage-30mm-til-ar-15-vortex-1-6","status":"publish","type":"product","link":"https:\/\/staging.nbg.eu\/da\/vare\/geissele-super-precision-kikkertsiktemontage-30mm-til-ar-15-vortex-1-6\/","title":{"rendered":"Geissele Super Precision Kikkertsiktemontage 30mm, til AR-15 (Vortex 1-6)"},"content":{"rendered":"<div class=\"description-text\">\n<div class=\"exerpt\">\n<p>Denne AR-15 kikkertmontering er en del af Geissele SOPMOD-certificerede serie, der omfatter Geissele-produkter, som bruges af milit\u00e6re og antiterrorenheder i U.S. Special Operations Command (USSOCOM). SOPMOD er et USSOCOM-program, der giver specialstyrker mulighed for at konfigurere deres v\u00e5ben efter individuelle pr\u00e6ferencer og missionskrav. Programmet er et godkendt tilbeh\u00f8rssystem til M4A1-karabinen, FN SCAR Mk 16\/17 og andre v\u00e5ben, der bruges af USSOCOM. Hvert Geissele-produkt i SOPMOD-serien har gennemg\u00e5et omfattende test og certificering af USSOCOM. Disse sigtemiddelmonteringer er fremstillet af en enkelt 2 kg blok af flykvalitet 7075-T6 aluminiumslegering.<\/p>\n<p>De individuelt nummererede kikkertd\u00e6ksler er linjebearbejdet med kroppen og skabt i en enkelt operation, hvilket giver den bedst mulige pasform til sigtemidlet. Geissele-monteringer fastg\u00f8res ved hj\u00e6lp af det klassiske m\u00f8trik- og klemssystem, som giver 635 kg klemkraft pr. m\u00f8trik. Dette system giver op til 3 gange mere klemkraft end et hvilket som helst h\u00e5ndtagssystem, mens pr\u00e6cisionsforarbejdede forskydningslasker hj\u00e6lper med at l\u00e5se sigtemidlet p\u00e5 plads p\u00e5 modtageren under rekyl. Monteringsoverfladen sp\u00e6nder over 8 picatinny-sektioner.<\/p>\n<h2 style=\"text-align: center\"><strong>&#8212; SPECIFIKATIONER &#8212;<\/strong><\/h2>\n<table border=\"1\">\n<tbody>\n<tr>\n<td><strong>MATERIALE: <\/strong><\/td>\n<td> 7075-T6<\/td>\n<\/tr>\n<tr>\n<td><strong>FARVE: <\/strong><\/td>\n<td> Sort<\/td>\n<\/tr>\n<tr>\n<td><strong>OVERFLADE: <\/strong><\/td>\n<td> Type-3 H\u00e5rd Anodisering<\/td>\n<\/tr>\n<tr>\n<td><strong>V\u00c6GT: <\/strong><\/td>\n<td> 201 g<\/td>\n<\/tr>\n<tr>\n<td><strong>RINGST\u00d8RRELSE: <\/strong><\/td>\n<td> 30mm<\/td>\n<\/tr>\n<\/tbody>\n<\/table>\n<\/div>\n<\/div>\n","protected":false},"excerpt":{"rendered":"<p><strong>Del af Geissele SOPMOD Certificeret Serie<\/strong><\/p>\n","protected":false},"featured_media":56600,"template":"","meta":{"_acf_changed":false},"product_brand":[11380],"product_cat":[13139],"product_tag":[],"class_list":{"0":"post-56599","1":"product","2":"type-product","3":"status-publish","4":"has-post-thumbnail","6":"product_brand-geissele","7":"product_cat-riffel","9":"first","10":"instock","11":"taxable","12":"shipping-taxable","13":"product-type-variable","14":"wvs-archive-product-wrapper"},"acf":[],"_links":{"self":[{"href":"https:\/\/staging.nbg.eu\/da\/wp-json\/wp\/v2\/product\/56599","targetHints":{"allow":["GET"]}}],"collection":[{"href":"https:\/\/staging.nbg.eu\/da\/wp-json\/wp\/v2\/product"}],"about":[{"href":"https:\/\/staging.nbg.eu\/da\/wp-json\/wp\/v2\/types\/product"}],"wp:featuredmedia":[{"embeddable":true,"href":"https:\/\/staging.nbg.eu\/da\/wp-json\/wp\/v2\/media\/56600"}],"wp:attachment":[{"href":"https:\/\/staging.nbg.eu\/da\/wp-json\/wp\/v2\/media?parent=56599"}],"wp:term":[{"taxonomy":"product_brand","embeddable":true,"href":"https:\/\/staging.nbg.eu\/da\/wp-json\/wp\/v2\/product_brand?post=56599"},{"taxonomy":"product_cat","embeddable":true,"href":"https:\/\/staging.nbg.eu\/da\/wp-json\/wp\/v2\/product_cat?post=56599"},{"taxonomy":"product_tag","embeddable":true,"href":"https:\/\/staging.nbg.eu\/da\/wp-json\/wp\/v2\/product_tag?post=56599"}],"curies":[{"name":"wp","href":"https:\/\/api.w.org\/{rel}","templated":true}]}}