{"id":55942,"date":"2024-01-30T18:03:59","date_gmt":"2024-09-13T13:18:57","guid":{"rendered":"https:\/\/staging.nbg.eu\/product\/fox-classic-hunter-30-multiple-gr\/"},"modified":"2024-09-13T13:19:51","modified_gmt":"2024-09-13T13:19:51","slug":"fox-classic-hunter-30-flere-grain","status":"publish","type":"product","link":"https:\/\/staging.nbg.eu\/da\/vare\/fox-classic-hunter-30-flere-grain\/","title":{"rendered":"Fox Classic Hunter .30 (Flere grain)"},"content":{"rendered":"<div class=\"product-description\">\n<h2>Fox Classic Hunter<\/h2>\n<p>Fox Classic Hunter er en blyfri kugle designet til europ\u00e6iske j\u00e6gere. Den kan bruges til forskellige jagtscenarier, s\u00e5som drevet vildsvinejagt eller gamsjagt i bjergene. Kuglen er lavet af en kobber-zink legering.<\/p>\n<ul>\n<li>Blyfri sammens\u00e6tning<\/li>\n<li>Deformation ved lavere anslagshastigheder (500 m\/s)<\/li>\n<li>Rilledesign for reduceret l\u00f8bstryk og \u00f8get hastighed<\/li>\n<li>Termostabil plastikspids forbedrer ballistik og terminal effekt<\/li>\n<li>Kontrolleret ekspansion for energioverf\u00f8rsel<\/li>\n<li>Paddehatteformet deformation op til to gange kaliberdiameteren<\/li>\n<li>H\u00f8j stopkraft med minimal k\u00f8dskade<\/li>\n<\/ul>\n<p>Fox Classic Hunter er designet til effektiv jagt i Europa.<\/p>\n<\/div>\n","protected":false},"excerpt":{"rendered":"<p>Blyfrit kobber-zink projektil til alsidig jagt. Hurtig ekspansion, h\u00f8j pr\u00e6cision.<\/p>\n","protected":false},"featured_media":55943,"template":"","meta":{"_acf_changed":false},"product_brand":[11332],"product_cat":[13135,13118],"product_tag":[],"class_list":{"0":"post-55942","1":"product","2":"type-product","3":"status-publish","4":"has-post-thumbnail","6":"product_brand-fox-bullets","7":"product_cat-genladning","8":"product_cat-kugler","10":"first","11":"instock","12":"taxable","13":"shipping-taxable","14":"purchasable","15":"product-type-variable","16":"wvs-archive-product-wrapper"},"acf":[],"_links":{"self":[{"href":"https:\/\/staging.nbg.eu\/da\/wp-json\/wp\/v2\/product\/55942","targetHints":{"allow":["GET"]}}],"collection":[{"href":"https:\/\/staging.nbg.eu\/da\/wp-json\/wp\/v2\/product"}],"about":[{"href":"https:\/\/staging.nbg.eu\/da\/wp-json\/wp\/v2\/types\/product"}],"wp:featuredmedia":[{"embeddable":true,"href":"https:\/\/staging.nbg.eu\/da\/wp-json\/wp\/v2\/media\/55943"}],"wp:attachment":[{"href":"https:\/\/staging.nbg.eu\/da\/wp-json\/wp\/v2\/media?parent=55942"}],"wp:term":[{"taxonomy":"product_brand","embeddable":true,"href":"https:\/\/staging.nbg.eu\/da\/wp-json\/wp\/v2\/product_brand?post=55942"},{"taxonomy":"product_cat","embeddable":true,"href":"https:\/\/staging.nbg.eu\/da\/wp-json\/wp\/v2\/product_cat?post=55942"},{"taxonomy":"product_tag","embeddable":true,"href":"https:\/\/staging.nbg.eu\/da\/wp-json\/wp\/v2\/product_tag?post=55942"}],"curies":[{"name":"wp","href":"https:\/\/api.w.org\/{rel}","templated":true}]}}