{"id":554448,"date":"2025-09-05T18:19:19","date_gmt":"2025-09-05T15:19:19","guid":{"rendered":"https:\/\/staging.nbg.eu\/product\/magpul-enhanced-ejection-port-cover-for-ar-15\/"},"modified":"2025-10-01T16:37:17","modified_gmt":"2025-10-01T13:37:17","slug":"magpul-forbedret-udkastningsportsdaeksel-til-ar-15","status":"publish","type":"product","link":"https:\/\/staging.nbg.eu\/da\/vare\/magpul-forbedret-udkastningsportsdaeksel-til-ar-15\/","title":{"rendered":"MAGPUL FORBEDRET UDKASTNINGSPORTSD\u00c6KSEL TIL AR-15"},"content":{"rendered":"<div class=\"product-description\">\n<h2>Magpul Forbedret Udkastningsport D\u00e6ksel til AR-15<\/h2>\n<p>Opgrad\u00e9r din AR-15 med <strong>Magpul Forbedret Udkastningsport D\u00e6ksel<\/strong>, en komponent designet til holdbarhed og nem brug. Dette st\u00f8vd\u00e6ksel har f\u00f8lgende egenskaber:<\/p>\n<ul>\n<li>Korrosionsbestandig, slagfast spr\u00f8jtest\u00f8bt polymer konstruktion<\/li>\n<li>Enkel snap-in installation uden at fjerne h\u00e5ndst\u00f8tte, l\u00f8bsm\u00f8trik, c-clips eller fjedre<\/li>\n<li>Kompatibel med .223 Remington\/5.56 kaliber AR-15 platforme<\/li>\n<li>Sort finish<\/li>\n<\/ul>\n<p>Undg\u00e5 rustende metal st\u00f8vd\u00e6ksler og besv\u00e6rlige installationer. Magpul Forbedret Udkastningsport D\u00e6ksel tilbyder bekvemmelighed og vedligeholdelsesfordele til din n\u00e6ste opbygning eller opgradering. Dette tilbeh\u00f8r kombinerer funktionalitet og enkelhed til AR-15.<\/p>\n<\/div>\n","protected":false},"excerpt":{"rendered":"<p>P\u00e5klikbar, korrosionsbestandig AR-15 st\u00f8vd\u00e6ksel. Nem at installere.<\/p>\n","protected":false},"featured_media":499440,"template":"","meta":{"_acf_changed":false},"product_brand":[],"product_cat":[13100,13139,13088],"product_tag":[],"class_list":{"0":"post-554448","1":"product","2":"type-product","3":"status-publish","4":"has-post-thumbnail","6":"product_cat-ar-tuning","7":"product_cat-riffel","8":"product_cat-riffel-tuning","10":"first","11":"instock","12":"taxable","13":"shipping-taxable","14":"purchasable","15":"product-type-simple"},"acf":[],"_links":{"self":[{"href":"https:\/\/staging.nbg.eu\/da\/wp-json\/wp\/v2\/product\/554448","targetHints":{"allow":["GET"]}}],"collection":[{"href":"https:\/\/staging.nbg.eu\/da\/wp-json\/wp\/v2\/product"}],"about":[{"href":"https:\/\/staging.nbg.eu\/da\/wp-json\/wp\/v2\/types\/product"}],"wp:featuredmedia":[{"embeddable":true,"href":"https:\/\/staging.nbg.eu\/da\/wp-json\/wp\/v2\/media\/499440"}],"wp:attachment":[{"href":"https:\/\/staging.nbg.eu\/da\/wp-json\/wp\/v2\/media?parent=554448"}],"wp:term":[{"taxonomy":"product_brand","embeddable":true,"href":"https:\/\/staging.nbg.eu\/da\/wp-json\/wp\/v2\/product_brand?post=554448"},{"taxonomy":"product_cat","embeddable":true,"href":"https:\/\/staging.nbg.eu\/da\/wp-json\/wp\/v2\/product_cat?post=554448"},{"taxonomy":"product_tag","embeddable":true,"href":"https:\/\/staging.nbg.eu\/da\/wp-json\/wp\/v2\/product_tag?post=554448"}],"curies":[{"name":"wp","href":"https:\/\/api.w.org\/{rel}","templated":true}]}}