{"id":547109,"date":"2025-09-05T18:15:58","date_gmt":"2025-09-05T15:15:58","guid":{"rendered":"https:\/\/staging.nbg.eu\/product\/mount-arta435-34-34mm\/"},"modified":"2025-10-01T11:12:14","modified_gmt":"2025-10-01T08:12:14","slug":"mont-arta435-34-34mm","status":"publish","type":"product","link":"https:\/\/staging.nbg.eu\/da\/vare\/mont-arta435-34-34mm\/","title":{"rendered":"Mont ARTA435-34, 34mm"},"content":{"rendered":"<div class=\"product-description\">\n<h2>XSKEL34TW Gen 2 Forl\u00e6nget Skeletoniseret 34mm MSR Montering<\/h2>\n<p>XSKEL34TW Gen 2 er en forl\u00e6nget skeletoniseret 34mm MSR montering designet til AR15, AR10 rifler og sportsrifler med en 2,75&#8243; eller l\u00e6ngere Picatinny skinne.<\/p>\n<h2>Hovedfunktioner:<\/h2>\n<ul>\n<li>MSR ideel h\u00f8jde for korrekt justering<\/li>\n<li>Over 2 tommer fremadrettet cantilever for forbedret balance<\/li>\n<li>St\u00e5l gevindindl\u00e6g til skruer for holdbarhed<\/li>\n<li>Let og st\u00e6rk skeletoniseret design<\/li>\n<li>Fremstillet af 6061 aluminium via CNC-bearbejdning<\/li>\n<li>1-stykke sideklemme design for ekstra styrke<\/li>\n<\/ul>\n<p>XSKEL34TW er designet til st\u00f8rre, tungere 34mm r\u00f8rskoper, herunder laveffekt variable optikker og langdistance optikker med op til 56mm objektiver. Designet placerer optikken i den ideelle h\u00f8jde og fremadrettede position p\u00e5 AR-platformen.<\/p>\n<p>Kompatibel med AR-15, M-4, SR-25, LR308, PTR-91 og andre MSR med en Picatinny skinne p\u00e5 mindst 3 tommer. Den bruges ogs\u00e5 p\u00e5 taktiske lever action rifler.<\/p>\n<p>XSKEL34TW MSR\/AR montering bruges af 3-gun skytter, konkurrenceskytter og taktiske entusiaster til konkurrencer, taktiske missioner og AR-jagt.<\/p>\n<p>XSKEL34TW Gen 2 forl\u00e6nget skeletoniseret 34mm MSR montering kombinerer let design med holdbarhed.<\/p>\n<\/div>\n","protected":false},"excerpt":{"rendered":"<p>Let letv\u00e6gts, holdbar 34mm AR-kikkertmontering. Ideel h\u00f8jde, 5 cm fremspring.<\/p>\n","protected":false},"featured_media":499245,"template":"","meta":{"_acf_changed":false},"product_brand":[],"product_cat":[13115,13072,13070],"product_tag":[],"class_list":{"0":"post-547109","1":"product","2":"type-product","3":"status-publish","4":"has-post-thumbnail","6":"product_cat-sigte","7":"product_cat-sigtetilbehor","8":"product_cat-termisk","10":"first","11":"instock","12":"taxable","13":"shipping-taxable","14":"purchasable","15":"product-type-simple"},"acf":[],"_links":{"self":[{"href":"https:\/\/staging.nbg.eu\/da\/wp-json\/wp\/v2\/product\/547109","targetHints":{"allow":["GET"]}}],"collection":[{"href":"https:\/\/staging.nbg.eu\/da\/wp-json\/wp\/v2\/product"}],"about":[{"href":"https:\/\/staging.nbg.eu\/da\/wp-json\/wp\/v2\/types\/product"}],"wp:featuredmedia":[{"embeddable":true,"href":"https:\/\/staging.nbg.eu\/da\/wp-json\/wp\/v2\/media\/499245"}],"wp:attachment":[{"href":"https:\/\/staging.nbg.eu\/da\/wp-json\/wp\/v2\/media?parent=547109"}],"wp:term":[{"taxonomy":"product_brand","embeddable":true,"href":"https:\/\/staging.nbg.eu\/da\/wp-json\/wp\/v2\/product_brand?post=547109"},{"taxonomy":"product_cat","embeddable":true,"href":"https:\/\/staging.nbg.eu\/da\/wp-json\/wp\/v2\/product_cat?post=547109"},{"taxonomy":"product_tag","embeddable":true,"href":"https:\/\/staging.nbg.eu\/da\/wp-json\/wp\/v2\/product_tag?post=547109"}],"curies":[{"name":"wp","href":"https:\/\/api.w.org\/{rel}","templated":true}]}}