{"id":545980,"date":"2025-09-05T18:15:44","date_gmt":"2025-09-05T15:15:44","guid":{"rendered":"https:\/\/staging.nbg.eu\/product\/area-419-diving-board-for-tactical-one-piece-scope-mount\/"},"modified":"2025-10-01T10:48:56","modified_gmt":"2025-10-01T07:48:56","slug":"area-419-vippe-til-tactical-one-piece-sigtemont","status":"publish","type":"product","link":"https:\/\/staging.nbg.eu\/da\/vare\/area-419-vippe-til-tactical-one-piece-sigtemont\/","title":{"rendered":"AREA 419 VIPPE TIL TACTICAL ONE PIECE SIGTEMONT"},"content":{"rendered":"<div class=\"product-description\">\n<h2>AREA 419 PLATFORMTILBEH\u00d8R TIL TAKTISK KIKKERTSIGTEMONTERING<\/h2>\n<p>AREA 419 platformtilbeh\u00f8r til den taktiske kikkertsigtemontering. Dette tilbeh\u00f8r tilf\u00f8jer funktionalitet til din taktiske kikkertsigtemontering.<\/p>\n<h2>Hovedfunktioner:<\/h2>\n<ul>\n<li>Patentanmeldt dobbelt konisk monteringspunkt for sikker fastg\u00f8relse<\/li>\n<li>Platform til vaterpas, notatkort, r\u00f8dpunktssigter og laserafstandsm\u00e5lere<\/li>\n<li>Holdbar og stiv konstruktion for forbedret nulstilling<\/li>\n<li>F\u00e5s i standard og lav h\u00f8jde<\/li>\n<li>MIL-STD-1913 specifikation skinne (10 spor for standard, 6 for lav h\u00f8jde)<\/li>\n<li>Type III h\u00e5rd sort anodiseret overflade<\/li>\n<li>CNC-fr\u00e6set i Amerika af amerikansk 7075 aluminium<\/li>\n<li>Integrerede monteringsskruer for nem installation<\/li>\n<\/ul>\n<p>V\u00e6lg mellem standardh\u00f8jde (2,82 cm h\u00f8j, 70,9 g) eller lav h\u00f8jde (1,78 cm h\u00f8j, 42,5 g) efter behov. Begge muligheder har flere 1\/4 x 20 huller til montering af tilbeh\u00f8r.<\/p>\n<p>AREA 419 platformtilbeh\u00f8r er et supplement til din kikkertsigtemontering.<\/p>\n<\/div>\n","protected":false},"excerpt":{"rendered":"<p>Sikker, alsidig skinne til taktisk etdelt kikkertmontering.<\/p>\n","protected":false},"featured_media":499153,"template":"","meta":{"_acf_changed":false},"product_brand":[11042],"product_cat":[13115,13072],"product_tag":[],"class_list":{"0":"post-545980","1":"product","2":"type-product","3":"status-publish","4":"has-post-thumbnail","6":"product_brand-area-419","7":"product_cat-sigte","8":"product_cat-sigtetilbehor","10":"first","11":"instock","12":"taxable","13":"shipping-taxable","14":"purchasable","15":"product-type-simple"},"acf":[],"_links":{"self":[{"href":"https:\/\/staging.nbg.eu\/da\/wp-json\/wp\/v2\/product\/545980","targetHints":{"allow":["GET"]}}],"collection":[{"href":"https:\/\/staging.nbg.eu\/da\/wp-json\/wp\/v2\/product"}],"about":[{"href":"https:\/\/staging.nbg.eu\/da\/wp-json\/wp\/v2\/types\/product"}],"wp:featuredmedia":[{"embeddable":true,"href":"https:\/\/staging.nbg.eu\/da\/wp-json\/wp\/v2\/media\/499153"}],"wp:attachment":[{"href":"https:\/\/staging.nbg.eu\/da\/wp-json\/wp\/v2\/media?parent=545980"}],"wp:term":[{"taxonomy":"product_brand","embeddable":true,"href":"https:\/\/staging.nbg.eu\/da\/wp-json\/wp\/v2\/product_brand?post=545980"},{"taxonomy":"product_cat","embeddable":true,"href":"https:\/\/staging.nbg.eu\/da\/wp-json\/wp\/v2\/product_cat?post=545980"},{"taxonomy":"product_tag","embeddable":true,"href":"https:\/\/staging.nbg.eu\/da\/wp-json\/wp\/v2\/product_tag?post=545980"}],"curies":[{"name":"wp","href":"https:\/\/api.w.org\/{rel}","templated":true}]}}