{"id":545351,"date":"2025-09-05T18:15:06","date_gmt":"2025-09-05T15:15:06","guid":{"rendered":"https:\/\/staging.nbg.eu\/product\/surefire-csp-09-weaponlight-switch\/"},"modified":"2025-10-01T10:32:39","modified_gmt":"2025-10-01T07:32:39","slug":"surefire-csp-09-vaabenlys-kontakt","status":"publish","type":"product","link":"https:\/\/staging.nbg.eu\/da\/vare\/surefire-csp-09-vaabenlys-kontakt\/","title":{"rendered":"Surefire CSP-09 Vaabenlys Kontakt"},"content":{"rendered":"<div class=\"product-description\">\n<h2>Surefire CSP-09 V\u00e5benlys Kontakt<\/h2>\n<h2>Picatinny Monteret Fjernkontakt Til V\u00e5benlys<\/h2>\n<p>Surefire CSP-09 V\u00e5benlys Kontakt er en fjernkontakt designet til at aktivere ethvert SureFire V\u00e5benlys udstyret med en kontaktsokkel.<\/p>\n<h3>Hovedfunktioner:<\/h3>\n<ul>\n<li>Dobbeltfunktionskontakt til momentan og konstant aktivering<\/li>\n<li>P\u00e5sp\u00e6nding p\u00e5 Picatinny-skinne<\/li>\n<li>Pladsbesparende design<\/li>\n<li>Konstrueret af polymer<\/li>\n<li>9-tommer kabel til de fleste riffel\/karabin anvendelser<\/li>\n<\/ul>\n<p>CSP-09&#8217;s design tillader let tryk for momentan aktivering eller klik for konstant aktivering. Den kan monteres uden v\u00e6rkt\u00f8j p\u00e5 Picatinny-skinnen.<\/p>\n<p>Surefire CSP-09 V\u00e5benlys Kontakt er kompatibel med alle SureFire V\u00e5benlys med en kontaktsokkel.<\/p>\n<\/div>\n","protected":false},"excerpt":{"rendered":"<p>Kompakt fjernbetjening til SureFire v\u00e5benlygter. Nem montering p\u00e5 Picatinny-skinne.<\/p>\n","protected":false},"featured_media":499038,"template":"","meta":{"_acf_changed":false},"product_brand":[],"product_cat":[13130,13154,13090],"product_tag":[],"class_list":{"0":"post-545351","1":"product","2":"type-product","3":"status-publish","4":"has-post-thumbnail","6":"product_cat-lygter","7":"product_cat-lygtetilbehor","8":"product_cat-riffellygter","10":"first","11":"instock","12":"taxable","13":"shipping-taxable","14":"purchasable","15":"product-type-simple"},"acf":[],"_links":{"self":[{"href":"https:\/\/staging.nbg.eu\/da\/wp-json\/wp\/v2\/product\/545351","targetHints":{"allow":["GET"]}}],"collection":[{"href":"https:\/\/staging.nbg.eu\/da\/wp-json\/wp\/v2\/product"}],"about":[{"href":"https:\/\/staging.nbg.eu\/da\/wp-json\/wp\/v2\/types\/product"}],"wp:featuredmedia":[{"embeddable":true,"href":"https:\/\/staging.nbg.eu\/da\/wp-json\/wp\/v2\/media\/499038"}],"wp:attachment":[{"href":"https:\/\/staging.nbg.eu\/da\/wp-json\/wp\/v2\/media?parent=545351"}],"wp:term":[{"taxonomy":"product_brand","embeddable":true,"href":"https:\/\/staging.nbg.eu\/da\/wp-json\/wp\/v2\/product_brand?post=545351"},{"taxonomy":"product_cat","embeddable":true,"href":"https:\/\/staging.nbg.eu\/da\/wp-json\/wp\/v2\/product_cat?post=545351"},{"taxonomy":"product_tag","embeddable":true,"href":"https:\/\/staging.nbg.eu\/da\/wp-json\/wp\/v2\/product_tag?post=545351"}],"curies":[{"name":"wp","href":"https:\/\/api.w.org\/{rel}","templated":true}]}}