{"id":544878,"date":"2025-09-05T18:09:58","date_gmt":"2025-09-05T15:09:58","guid":{"rendered":"https:\/\/staging.nbg.eu\/product\/magpul-rubber-butt-pad-0-70\/"},"modified":"2025-10-01T10:15:31","modified_gmt":"2025-10-01T07:15:31","slug":"magpul-gummi-kolbepude-070","status":"publish","type":"product","link":"https:\/\/staging.nbg.eu\/da\/vare\/magpul-gummi-kolbepude-070\/","title":{"rendered":"Magpul &#8211; Gummi Kolbepude &#8211; 0.70&#8243;"},"content":{"rendered":"<div class=\"product-description\">\n<h2>Magpul Gummi Kolbekappe &#8211; 0,70&#8243;<\/h2>\n<p>Denne valgfri 0,70&#8243; kolbekappe er kompatibel med forskellige Magpul-sk\u00e6fter, herunder CTR\u00ae, MOE\u00ae Carbine Mil-Spec, UBR\u00ae, STR\u00ae, ACS-L\u2122 og ACS modeller.<\/p>\n<ul>\n<li>Forbedret skulderst\u00f8tte og rekylreduktion<\/li>\n<li>Tykkere, ventileret konstruktion<\/li>\n<li>Inkluderer alt monteringsudstyr<\/li>\n<li>M\u00e5l: 13 x 4 x 1,6 cm (ca.)<\/li>\n<li>V\u00e6gt: 62 g (ca.)<\/li>\n<li>Fremstillet i USA<\/li>\n<\/ul>\n<p><strong>Bem\u00e6rk:<\/strong> Ikke kompatibel med MOE\u00ae Fixed Carbine Stock. Kan begr\u00e6nse fuld sammenklapning p\u00e5 Commercial MOE\u00ae\/CTR\u00ae Stocks p\u00e5 grund af forl\u00e6nget, skr\u00e5 bagside.<\/p>\n<\/div>\n","protected":false},"excerpt":{"rendered":"<p>Forbedret 0,70&#8243; gummibagkappe til Magpul-sk\u00e6fter. Forbedret st\u00f8tte.<\/p>\n","protected":false},"featured_media":498944,"template":"","meta":{"_acf_changed":false},"product_brand":[11545],"product_cat":[13106],"product_tag":[],"class_list":{"0":"post-544878","1":"product","2":"type-product","3":"status-publish","4":"has-post-thumbnail","6":"product_brand-magpul","7":"product_cat-udstyr","9":"first","10":"instock","11":"taxable","12":"shipping-taxable","13":"purchasable","14":"product-type-simple"},"acf":[],"_links":{"self":[{"href":"https:\/\/staging.nbg.eu\/da\/wp-json\/wp\/v2\/product\/544878","targetHints":{"allow":["GET"]}}],"collection":[{"href":"https:\/\/staging.nbg.eu\/da\/wp-json\/wp\/v2\/product"}],"about":[{"href":"https:\/\/staging.nbg.eu\/da\/wp-json\/wp\/v2\/types\/product"}],"wp:featuredmedia":[{"embeddable":true,"href":"https:\/\/staging.nbg.eu\/da\/wp-json\/wp\/v2\/media\/498944"}],"wp:attachment":[{"href":"https:\/\/staging.nbg.eu\/da\/wp-json\/wp\/v2\/media?parent=544878"}],"wp:term":[{"taxonomy":"product_brand","embeddable":true,"href":"https:\/\/staging.nbg.eu\/da\/wp-json\/wp\/v2\/product_brand?post=544878"},{"taxonomy":"product_cat","embeddable":true,"href":"https:\/\/staging.nbg.eu\/da\/wp-json\/wp\/v2\/product_cat?post=544878"},{"taxonomy":"product_tag","embeddable":true,"href":"https:\/\/staging.nbg.eu\/da\/wp-json\/wp\/v2\/product_tag?post=544878"}],"curies":[{"name":"wp","href":"https:\/\/api.w.org\/{rel}","templated":true}]}}