{"id":54208,"date":"2024-03-02T07:29:43","date_gmt":"2024-09-13T13:01:45","guid":{"rendered":"https:\/\/staging.nbg.eu\/product\/bore-tech-proof-positive-rifle-jag-multiple-calibers\/"},"modified":"2024-09-13T13:02:51","modified_gmt":"2024-09-13T13:02:51","slug":"bore-tech-proof-positive-riffel-jag-flere-kalibre","status":"publish","type":"product","link":"https:\/\/staging.nbg.eu\/da\/vare\/bore-tech-proof-positive-riffel-jag-flere-kalibre\/","title":{"rendered":"Bore Tech Proof-Positive Riffel Jag (Flere Kalibre)"},"content":{"rendered":"<div class=\"product-description\">\n<h2>Bore Tech Proof-Positive Riffel Renseb\u00f8rste (Flere Kalibre)<\/h2>\n<p>Undg\u00e5 falske indikationer p\u00e5 kobberaflejringer med Bore Techs Proof-Positive riffel renseb\u00f8rster. Fremstillet af en messingfri legering, er disse b\u00f8rster sikre for l\u00f8bet og har h\u00f8j tr\u00e6kstyrke. Egenskaber inkluderer:<\/p>\n<ul>\n<li>Dobbelt s\u00e6t af 4 kontaktringe for forbedret reng\u00f8ring<\/li>\n<li>Pr\u00e6cisionsfremstillet for j\u00e6vnt, koncentrisk tryk<\/li>\n<li>Omvendt konisk design for at beskytte v\u00e5bnets krone<\/li>\n<\/ul>\n<p>Opn\u00e5 rene l\u00f8b med mindre spild.<\/p>\n<\/div>\n","protected":false},"excerpt":{"rendered":"<p>Innovativ riffelrensestang eliminerer falske indikationer p\u00e5 kobberaflejringer.<\/p>\n","protected":false},"featured_media":54209,"template":"","meta":{"_acf_changed":false},"product_brand":[11148],"product_cat":[13147,13120],"product_tag":[],"class_list":{"0":"post-54208","1":"product","2":"type-product","3":"status-publish","4":"has-post-thumbnail","6":"product_brand-boretech","7":"product_cat-borster","8":"product_cat-vabenrensning","10":"first","11":"instock","12":"taxable","13":"shipping-taxable","14":"purchasable","15":"product-type-variable","16":"wvs-archive-product-wrapper"},"acf":[],"_links":{"self":[{"href":"https:\/\/staging.nbg.eu\/da\/wp-json\/wp\/v2\/product\/54208","targetHints":{"allow":["GET"]}}],"collection":[{"href":"https:\/\/staging.nbg.eu\/da\/wp-json\/wp\/v2\/product"}],"about":[{"href":"https:\/\/staging.nbg.eu\/da\/wp-json\/wp\/v2\/types\/product"}],"wp:featuredmedia":[{"embeddable":true,"href":"https:\/\/staging.nbg.eu\/da\/wp-json\/wp\/v2\/media\/54209"}],"wp:attachment":[{"href":"https:\/\/staging.nbg.eu\/da\/wp-json\/wp\/v2\/media?parent=54208"}],"wp:term":[{"taxonomy":"product_brand","embeddable":true,"href":"https:\/\/staging.nbg.eu\/da\/wp-json\/wp\/v2\/product_brand?post=54208"},{"taxonomy":"product_cat","embeddable":true,"href":"https:\/\/staging.nbg.eu\/da\/wp-json\/wp\/v2\/product_cat?post=54208"},{"taxonomy":"product_tag","embeddable":true,"href":"https:\/\/staging.nbg.eu\/da\/wp-json\/wp\/v2\/product_tag?post=54208"}],"curies":[{"name":"wp","href":"https:\/\/api.w.org\/{rel}","templated":true}]}}