{"id":541209,"date":"2025-09-05T18:09:57","date_gmt":"2025-09-05T15:09:57","guid":{"rendered":"https:\/\/staging.nbg.eu\/product\/ase-utra-borelock-30-338-muzzle-brake-5-8x24-unef\/"},"modified":"2025-09-30T17:55:03","modified_gmt":"2025-09-30T14:55:03","slug":"ase-utra-borelock-30338-mundingsbremse-58x24-unef","status":"publish","type":"product","link":"https:\/\/staging.nbg.eu\/da\/vare\/ase-utra-borelock-30338-mundingsbremse-58x24-unef\/","title":{"rendered":"ASE UTRA BoreLock .30\/.338 mundingsbremse 5\/8&#8243;x24 UNEF"},"content":{"rendered":"<h2>ASE UTRA BoreLock .30\/.338 Mundingsbremse 5\/8&#8243;x24 UNEF<\/h2>\n<p>ASE UTRA BoreLock .30\/.338 Mundingsbremse (Kode: 365P-AU761). Dette todelte design muligg\u00f8r installation uden brug af skiver eller melleml\u00e6g, hvilket giver pr\u00e6cis justering.<\/p>\n<h2>N\u00f8glefunktioner:<\/h2>\n<ul>\n<li>Kompatibel med .30 og .338 kaliber rifler<\/li>\n<li>5\/8&#8243;x24 UNEF gevind<\/li>\n<li>Todelt BoreLock design til nem installation<\/li>\n<li>Skiver eller melleml\u00e6g er ikke n\u00f8dvendige<\/li>\n<li>Pr\u00e6cis justering for forbedret n\u00f8jagtighed<\/li>\n<li>Reducerer rekyl og mundingsl\u00f8ft<\/li>\n<\/ul>\n<p>ASE UTRA BoreLock Mundingsbremse er designet til ydeevne og brugervenlighed.<\/p>\n","protected":false},"excerpt":{"rendered":"<p>ASE UTRA BoreLock .30\/.338 mundingsbremse: Hurtig, sikker montering, ingen melleml\u00e6g n\u00f8dvendige.<\/p>\n","protected":false},"featured_media":498914,"template":"","meta":{"_acf_changed":false},"product_brand":[],"product_cat":[13111,13139,13088,13092],"product_tag":[],"class_list":{"0":"post-541209","1":"product","2":"type-product","3":"status-publish","4":"has-post-thumbnail","6":"product_cat-lyddaempertilbehor","7":"product_cat-riffel","8":"product_cat-riffel-tuning","9":"product_cat-riffellyddaempere","11":"first","12":"instock","13":"taxable","14":"shipping-taxable","15":"purchasable","16":"product-type-simple"},"acf":[],"_links":{"self":[{"href":"https:\/\/staging.nbg.eu\/da\/wp-json\/wp\/v2\/product\/541209","targetHints":{"allow":["GET"]}}],"collection":[{"href":"https:\/\/staging.nbg.eu\/da\/wp-json\/wp\/v2\/product"}],"about":[{"href":"https:\/\/staging.nbg.eu\/da\/wp-json\/wp\/v2\/types\/product"}],"wp:featuredmedia":[{"embeddable":true,"href":"https:\/\/staging.nbg.eu\/da\/wp-json\/wp\/v2\/media\/498914"}],"wp:attachment":[{"href":"https:\/\/staging.nbg.eu\/da\/wp-json\/wp\/v2\/media?parent=541209"}],"wp:term":[{"taxonomy":"product_brand","embeddable":true,"href":"https:\/\/staging.nbg.eu\/da\/wp-json\/wp\/v2\/product_brand?post=541209"},{"taxonomy":"product_cat","embeddable":true,"href":"https:\/\/staging.nbg.eu\/da\/wp-json\/wp\/v2\/product_cat?post=541209"},{"taxonomy":"product_tag","embeddable":true,"href":"https:\/\/staging.nbg.eu\/da\/wp-json\/wp\/v2\/product_tag?post=541209"}],"curies":[{"name":"wp","href":"https:\/\/api.w.org\/{rel}","templated":true}]}}