{"id":53984,"date":"2024-03-02T10:05:47","date_gmt":"2024-09-13T12:57:50","guid":{"rendered":"https:\/\/staging.nbg.eu\/product\/bore-tech-proof-positive-shotgun-jag-12-16-20-ga\/"},"modified":"2024-09-13T12:58:38","modified_gmt":"2024-09-13T12:58:38","slug":"bore-tech-proof-positive-haglgevaer-jag-121620-ga","status":"publish","type":"product","link":"https:\/\/staging.nbg.eu\/da\/vare\/bore-tech-proof-positive-haglgevaer-jag-121620-ga\/","title":{"rendered":"Bore Tech Proof-Positive Haglgev\u00e6r Jag (12\/16\/20 GA)"},"content":{"rendered":"<div class=\"product-description\">\n<h2>Bore Tech Proof-Positive haglgev\u00e6rspudser (12\/16\/20 kaliber)<\/h2>\n<p>Bore Tech&#8217;s patenterede pudser til haglgev\u00e6r. Egenskaber:<\/p>\n<ul>\n<li>4 fleksible blade for tilpasning til l\u00f8bet<\/li>\n<li>Fremstillet af holdbar nylon<\/li>\n<li>Kan presses sammen for at passere gennem chokes<\/li>\n<li>Passer til standard 5\/16-27 gevindst\u00e6nger<\/li>\n<\/ul>\n<p>Til vedligeholdelse af haglgev\u00e6r. Beregnet til haglgev\u00e6rsbrugere.<\/p>\n<p><strong>Pris: 14,99 USD<\/strong><\/p>\n<\/div>\n","protected":false},"excerpt":{"rendered":"<p>Fleksibel 4-bladet renseb\u00f8rste til effektiv reng\u00f8ring af haglgev\u00e6r. Sk\u00e5nsom mod choke.<\/p>\n","protected":false},"featured_media":53985,"template":"","meta":{"_acf_changed":false},"product_brand":[11148],"product_cat":[13147,13120],"product_tag":[],"class_list":{"0":"post-53984","1":"product","2":"type-product","3":"status-publish","4":"has-post-thumbnail","6":"product_brand-boretech","7":"product_cat-borster","8":"product_cat-vabenrensning","10":"first","11":"instock","12":"taxable","13":"shipping-taxable","14":"purchasable","15":"product-type-variable","16":"wvs-archive-product-wrapper"},"acf":[],"_links":{"self":[{"href":"https:\/\/staging.nbg.eu\/da\/wp-json\/wp\/v2\/product\/53984","targetHints":{"allow":["GET"]}}],"collection":[{"href":"https:\/\/staging.nbg.eu\/da\/wp-json\/wp\/v2\/product"}],"about":[{"href":"https:\/\/staging.nbg.eu\/da\/wp-json\/wp\/v2\/types\/product"}],"wp:featuredmedia":[{"embeddable":true,"href":"https:\/\/staging.nbg.eu\/da\/wp-json\/wp\/v2\/media\/53985"}],"wp:attachment":[{"href":"https:\/\/staging.nbg.eu\/da\/wp-json\/wp\/v2\/media?parent=53984"}],"wp:term":[{"taxonomy":"product_brand","embeddable":true,"href":"https:\/\/staging.nbg.eu\/da\/wp-json\/wp\/v2\/product_brand?post=53984"},{"taxonomy":"product_cat","embeddable":true,"href":"https:\/\/staging.nbg.eu\/da\/wp-json\/wp\/v2\/product_cat?post=53984"},{"taxonomy":"product_tag","embeddable":true,"href":"https:\/\/staging.nbg.eu\/da\/wp-json\/wp\/v2\/product_tag?post=53984"}],"curies":[{"name":"wp","href":"https:\/\/api.w.org\/{rel}","templated":true}]}}