{"id":539538,"date":"2025-09-05T17:38:18","date_gmt":"2025-09-05T14:38:18","guid":{"rendered":"https:\/\/staging.nbg.eu\/product\/or-leupold-delta-point-mounting-kit-for-l-02-w-02-steel-black\/"},"modified":"2025-09-30T14:23:49","modified_gmt":"2025-09-30T11:23:49","slug":"or-leupold-delta-point-monteringssaet-til-l-02-w-02-staal-sort","status":"publish","type":"product","link":"https:\/\/staging.nbg.eu\/da\/vare\/or-leupold-delta-point-monteringssaet-til-l-02-w-02-staal-sort\/","title":{"rendered":"OR LEUPOLD DELTA POINT MONTERINGSSAET TIL L-02, W-02, STAAL SORT"},"content":{"rendered":"<div class=\"product-description\">\n<h2>OR LEUPOLD DELTA POINT PRO MONTERINGSS\u00c6T LW64<\/h2>\n<p><strong>Reference:<\/strong> 0091-01207-0001<\/p>\n<p><strong>M\u00e6rke:<\/strong> KMR Precision Arms<\/p>\n<h2>Beskrivelse<\/h2>\n<p>OR LEUPOLD DELTA POINT PRO MONTERINGSS\u00c6T LW64 til KMR L-02 eller W-02 pistol. Denne bundplade er designet til optik-klar (OR) KMR L-02 og W-02 pistolmodeller, der passer til optik med Leupold DeltaPoint Pro-fodaftryk.<\/p>\n<h2>Produktdetaljer<\/h2>\n<ul>\n<li>Materiale: St\u00e5l<\/li>\n<li>Farve: Sort<\/li>\n<li>Inkluderer to M4-installationsskruer<\/li>\n<\/ul>\n<h2>Installation<\/h2>\n<ol>\n<li>Skru den oprindelige bundplade af pistolen<\/li>\n<li>Reng\u00f8r plademontageomr\u00e5det omhyggeligt<\/li>\n<li>Installer den nye bundplade<\/li>\n<li>Stram de to medf\u00f8lgende M4-skruer ved hj\u00e6lp af gevindl\u00e5s<\/li>\n<\/ol>\n<p><strong>Vigtigt:<\/strong> BRUG IKKE R\u00d8D LOCTITE!<\/p>\n<h2>Kompatible Red Dot-sigter<\/h2>\n<p>Dette monteringss\u00e6t er kompatibelt med forskellige red dot-sigter, der deler Leupold DeltaPoint Pro-monteringsstandarden, herunder:<\/p>\n<ul>\n<li>Leupold DeltaPoint Pro<\/li>\n<li>Vortex Defender XL<\/li>\n<li>Eotech Eflx<\/li>\n<li>Holosun SCS 320<\/li>\n<li>Og mange andre<\/li>\n<\/ul>\n<p>Opgrad\u00e9r din KMR L-02 eller W-02 pistol med dette monteringss\u00e6t, s\u00e5 du nemt kan montere dit foretrukne red dot-sigte.<\/p>\n<\/div>\n","protected":false},"excerpt":{"rendered":"<p>St\u00e5lbaseplade til KMR L-02\/W-02 pistoler, passer til DeltaPoint Pro-sigtemidler<\/p>\n","protected":false},"featured_media":497543,"template":"","meta":{"_acf_changed":false},"product_brand":[11506],"product_cat":[13091],"product_tag":[],"class_list":{"0":"post-539538","1":"product","2":"type-product","3":"status-publish","4":"has-post-thumbnail","6":"product_brand-kmr-precision","7":"product_cat-kmr-dele","9":"first","10":"instock","11":"taxable","12":"shipping-taxable","13":"purchasable","14":"product-type-simple"},"acf":[],"_links":{"self":[{"href":"https:\/\/staging.nbg.eu\/da\/wp-json\/wp\/v2\/product\/539538","targetHints":{"allow":["GET"]}}],"collection":[{"href":"https:\/\/staging.nbg.eu\/da\/wp-json\/wp\/v2\/product"}],"about":[{"href":"https:\/\/staging.nbg.eu\/da\/wp-json\/wp\/v2\/types\/product"}],"wp:featuredmedia":[{"embeddable":true,"href":"https:\/\/staging.nbg.eu\/da\/wp-json\/wp\/v2\/media\/497543"}],"wp:attachment":[{"href":"https:\/\/staging.nbg.eu\/da\/wp-json\/wp\/v2\/media?parent=539538"}],"wp:term":[{"taxonomy":"product_brand","embeddable":true,"href":"https:\/\/staging.nbg.eu\/da\/wp-json\/wp\/v2\/product_brand?post=539538"},{"taxonomy":"product_cat","embeddable":true,"href":"https:\/\/staging.nbg.eu\/da\/wp-json\/wp\/v2\/product_cat?post=539538"},{"taxonomy":"product_tag","embeddable":true,"href":"https:\/\/staging.nbg.eu\/da\/wp-json\/wp\/v2\/product_tag?post=539538"}],"curies":[{"name":"wp","href":"https:\/\/api.w.org\/{rel}","templated":true}]}}