{"id":537860,"date":"2025-09-05T17:25:45","date_gmt":"2025-09-05T14:25:45","guid":{"rendered":"https:\/\/staging.nbg.eu\/product\/sons-of-liberty-gun-works-ar-15-bolt-catch-spring\/"},"modified":"2025-09-30T12:10:54","modified_gmt":"2025-09-30T09:10:54","slug":"sons-of-liberty-gun-works-ar-15-bolt-catch-fjer","status":"publish","type":"product","link":"https:\/\/staging.nbg.eu\/da\/vare\/sons-of-liberty-gun-works-ar-15-bolt-catch-fjer\/","title":{"rendered":"SONS OF LIBERTY GUN WORKS AR-15 BOLT CATCH FJER"},"content":{"rendered":"<div class=\"product-description\">\n<h2>SONS OF LIBERTY GUN WORKS AR-15 L\u00c5SEBOLT FANGFJEDER (10 Pakke)<\/h2>\n<p>Denne l\u00e5sebolt fangfjeder er designet til AR-15 platforme. Komponenten er fremstillet i USA og sikrer funktionen af v\u00e5bnets l\u00e5sebolt fangmekanisme.<\/p>\n<h2>Hovedfunktioner:<\/h2>\n<ul>\n<li>Designet specifikt til AR-15 platforme<\/li>\n<li>Holdbar konstruktion<\/li>\n<li>Sikrer l\u00e5sebolt fangens funktionalitet<\/li>\n<li>Fremstillet i USA<\/li>\n<li>S\u00e6lges i en pakke med 10 stk.<\/li>\n<\/ul>\n<p>Produktdetaljer:<\/p>\n<ul>\n<li>V\u00e6gt: 0,01 lbs<\/li>\n<\/ul>\n<p>Denne l\u00e5sebolt fangfjeder er fremstillet i USA.<\/p>\n<\/div>\n","protected":false},"excerpt":{"rendered":"<p>USA-fremstillet AR-15 l\u00e5sebolt-fjeder. Vigtig, holdbar reservedel.<\/p>\n","protected":false},"featured_media":496928,"template":"","meta":{"_acf_changed":false},"product_brand":[],"product_cat":[13088],"product_tag":[],"class_list":{"0":"post-537860","1":"product","2":"type-product","3":"status-publish","4":"has-post-thumbnail","6":"product_cat-riffel-tuning","8":"first","9":"instock","10":"taxable","11":"shipping-taxable","12":"purchasable","13":"product-type-simple"},"acf":[],"_links":{"self":[{"href":"https:\/\/staging.nbg.eu\/da\/wp-json\/wp\/v2\/product\/537860","targetHints":{"allow":["GET"]}}],"collection":[{"href":"https:\/\/staging.nbg.eu\/da\/wp-json\/wp\/v2\/product"}],"about":[{"href":"https:\/\/staging.nbg.eu\/da\/wp-json\/wp\/v2\/types\/product"}],"wp:featuredmedia":[{"embeddable":true,"href":"https:\/\/staging.nbg.eu\/da\/wp-json\/wp\/v2\/media\/496928"}],"wp:attachment":[{"href":"https:\/\/staging.nbg.eu\/da\/wp-json\/wp\/v2\/media?parent=537860"}],"wp:term":[{"taxonomy":"product_brand","embeddable":true,"href":"https:\/\/staging.nbg.eu\/da\/wp-json\/wp\/v2\/product_brand?post=537860"},{"taxonomy":"product_cat","embeddable":true,"href":"https:\/\/staging.nbg.eu\/da\/wp-json\/wp\/v2\/product_cat?post=537860"},{"taxonomy":"product_tag","embeddable":true,"href":"https:\/\/staging.nbg.eu\/da\/wp-json\/wp\/v2\/product_tag?post=537860"}],"curies":[{"name":"wp","href":"https:\/\/api.w.org\/{rel}","templated":true}]}}