{"id":537725,"date":"2025-09-05T00:17:22","date_gmt":"2025-09-04T21:17:22","guid":{"rendered":"https:\/\/staging.nbg.eu\/product\/badger-ordnance-34mm-condition-one-accessory-ring-cap-tan-700-34\/"},"modified":"2025-09-30T11:50:05","modified_gmt":"2025-09-30T08:50:05","slug":"badger-ordnance-34mm-condition-one-tilbehoer-ring-cap-tan-700-34","status":"publish","type":"product","link":"https:\/\/staging.nbg.eu\/da\/vare\/badger-ordnance-34mm-condition-one-tilbehoer-ring-cap-tan-700-34\/","title":{"rendered":"BADGER ORDNANCE 34MM CONDITION ONE TILBEHOER RING CAP TAN (700-34)"},"content":{"rendered":"<div class=\"product-description\">\n<h2>BADGER ORDNANCE 34MM CONDITION ONE TILBEH\u00d8RSRING H\u00c6TTE TAN (700-34)<\/h2>\n<p>Tilf\u00f8j til din Condition One Modular Mount med Badger Ordnance Condition One Tilbeh\u00f8rsring H\u00e6tte (C1 ARC). Dette tilbeh\u00f8r tilbyder:<\/p>\n<ul>\n<li>Integration med Condition One Modular Mounts<\/li>\n<li>Monteringsmuligheder &#8211; foran eller bagp\u00e5<\/li>\n<li>Kompatibilitet med forskelligt tilbeh\u00f8r, inklusive skinner til laserafstandsm\u00e5lere og red dot-optik til kl. 12-positionen<\/li>\n<li>Montering\/afmontering uden at forstyrre prim\u00e6r optiks nulstilling<\/li>\n<li>Tan finish til taktiske anvendelser<\/li>\n<\/ul>\n<p>Opgrader din optiske ops\u00e6tning med C1 ARC, designet til at give tilpasning og funktionalitet for skytter og professionelle. Pr\u00f8v Badger Ordnance i dag.<\/p>\n<\/div>\n","protected":false},"excerpt":{"rendered":"<p>Tilpasselig 34mm ringkapsel til Condition One-beslag. Alsidig tilbeh\u00f8rsfastg\u00f8relse.<\/p>\n","protected":false},"featured_media":496475,"template":"","meta":{"_acf_changed":false},"product_brand":[11078],"product_cat":[13115,13072],"product_tag":[],"class_list":{"0":"post-537725","1":"product","2":"type-product","3":"status-publish","4":"has-post-thumbnail","6":"product_brand-badger-ordnance","7":"product_cat-sigte","8":"product_cat-sigtetilbehor","10":"first","11":"instock","12":"taxable","13":"shipping-taxable","14":"purchasable","15":"product-type-simple"},"acf":[],"_links":{"self":[{"href":"https:\/\/staging.nbg.eu\/da\/wp-json\/wp\/v2\/product\/537725","targetHints":{"allow":["GET"]}}],"collection":[{"href":"https:\/\/staging.nbg.eu\/da\/wp-json\/wp\/v2\/product"}],"about":[{"href":"https:\/\/staging.nbg.eu\/da\/wp-json\/wp\/v2\/types\/product"}],"wp:featuredmedia":[{"embeddable":true,"href":"https:\/\/staging.nbg.eu\/da\/wp-json\/wp\/v2\/media\/496475"}],"wp:attachment":[{"href":"https:\/\/staging.nbg.eu\/da\/wp-json\/wp\/v2\/media?parent=537725"}],"wp:term":[{"taxonomy":"product_brand","embeddable":true,"href":"https:\/\/staging.nbg.eu\/da\/wp-json\/wp\/v2\/product_brand?post=537725"},{"taxonomy":"product_cat","embeddable":true,"href":"https:\/\/staging.nbg.eu\/da\/wp-json\/wp\/v2\/product_cat?post=537725"},{"taxonomy":"product_tag","embeddable":true,"href":"https:\/\/staging.nbg.eu\/da\/wp-json\/wp\/v2\/product_tag?post=537725"}],"curies":[{"name":"wp","href":"https:\/\/api.w.org\/{rel}","templated":true}]}}