{"id":535701,"date":"2025-09-05T00:01:54","date_gmt":"2025-09-04T21:01:54","guid":{"rendered":"https:\/\/staging.nbg.eu\/product\/vortex-defender-xl-red-dot-2moa-sight-dfxl-mrd2\/"},"modified":"2025-09-29T16:20:47","modified_gmt":"2025-09-29T13:20:47","slug":"vortex-defender-xl-red-dot-2moa-sigte-dfxl-mrd2","status":"publish","type":"product","link":"https:\/\/staging.nbg.eu\/da\/vare\/vortex-defender-xl-red-dot-2moa-sigte-dfxl-mrd2\/","title":{"rendered":"Vortex Defender-XL Red Dot 2MOA Sigte &#8211; DFXL-MRD2"},"content":{"rendered":"<div class=\"product-description\">\n<h2>Vortex Defender-XL Red Dot 2MOA Sigte &#8211; DFXL-MRD2<\/h2>\n<p>Vortex Defender-XL 2 MOA Red Dot Sigte er et kompakt optik designet til hurtig m\u00e5lerhvervelse. Det er egnet til konkurrenceskytter, taktiske operat\u00f8rer og v\u00e5nenthusiaster.<\/p>\n<h2>Hovedfunktioner:<\/h2>\n<ul>\n<li>2 MOA r\u00f8d prik synlig i dagslys<\/li>\n<li>10 lysstyrkeindstillinger, inklusive 2 natsynskompatible tilstande<\/li>\n<li>Stor asf\u00e6risk linse<\/li>\n<li>ShockShield polymerindsats til st\u00f8dbeskyttelse<\/li>\n<li>Fast-Rack overfladestruktur til sl\u00e6demanipulation<\/li>\n<li>Bev\u00e6gelsesaktivering med 10 minutters automatisk slukning<\/li>\n<li>Knapl\u00e5s til at forhindre utilsigtede justeringer<\/li>\n<li>Batterisystem med udskiftning fra toppen uden at miste nulstilling<\/li>\n<li>Mat overflade med lav refleksion<\/li>\n<\/ul>\n<p>Defender-XL er designet til at modst\u00e5 h\u00e5rde forhold og opretholde pr\u00e6cis ydeevne. Det er velegnet til skytter, der kr\u00e6ver p\u00e5lidelighed og alsidighed.<\/p>\n<\/div>\n","protected":false},"excerpt":{"rendered":"<p>Kompakt, robust r\u00f8dpunktsigte med 2 MOA prik og bev\u00e6gelsesaktivering.<\/p>\n","protected":false},"featured_media":496166,"template":"","meta":{"_acf_changed":false},"product_brand":[],"product_cat":[13095,13149,13116,13115],"product_tag":[],"class_list":{"0":"post-535701","1":"product","2":"type-product","3":"status-publish","4":"has-post-thumbnail","6":"product_cat-pistolsigte","7":"product_cat-riffelsigtepunkter","8":"product_cat-rodpunktsigte","9":"product_cat-sigte","11":"first","12":"instock","13":"taxable","14":"shipping-taxable","15":"purchasable","16":"product-type-simple"},"acf":[],"_links":{"self":[{"href":"https:\/\/staging.nbg.eu\/da\/wp-json\/wp\/v2\/product\/535701","targetHints":{"allow":["GET"]}}],"collection":[{"href":"https:\/\/staging.nbg.eu\/da\/wp-json\/wp\/v2\/product"}],"about":[{"href":"https:\/\/staging.nbg.eu\/da\/wp-json\/wp\/v2\/types\/product"}],"wp:featuredmedia":[{"embeddable":true,"href":"https:\/\/staging.nbg.eu\/da\/wp-json\/wp\/v2\/media\/496166"}],"wp:attachment":[{"href":"https:\/\/staging.nbg.eu\/da\/wp-json\/wp\/v2\/media?parent=535701"}],"wp:term":[{"taxonomy":"product_brand","embeddable":true,"href":"https:\/\/staging.nbg.eu\/da\/wp-json\/wp\/v2\/product_brand?post=535701"},{"taxonomy":"product_cat","embeddable":true,"href":"https:\/\/staging.nbg.eu\/da\/wp-json\/wp\/v2\/product_cat?post=535701"},{"taxonomy":"product_tag","embeddable":true,"href":"https:\/\/staging.nbg.eu\/da\/wp-json\/wp\/v2\/product_tag?post=535701"}],"curies":[{"name":"wp","href":"https:\/\/api.w.org\/{rel}","templated":true}]}}