{"id":535598,"date":"2025-09-05T00:01:46","date_gmt":"2025-09-04T21:01:46","guid":{"rendered":"https:\/\/staging.nbg.eu\/product\/rh-502-speedloops-45-mm\/"},"modified":"2025-09-29T16:11:25","modified_gmt":"2025-09-29T13:11:25","slug":"rh-502-speedloops-45-mm","status":"publish","type":"product","link":"https:\/\/staging.nbg.eu\/da\/vare\/rh-502-speedloops-45-mm\/","title":{"rendered":"RH .502 Speedloops 45 mm"},"content":{"rendered":"<h2>RH .502 Speedloops 45 mm<\/h2>\n<p>RH .502 Speedloops 45 mm er designet til cydex-etuier og RH Holster-produkter.<\/p>\n<h3>Egenskaber:<\/h3>\n<ul>\n<li>Kr\u00e6ver ikke b\u00e6ltetr\u00e6dning<\/li>\n<li>St\u00e5lkonstruktion med sort lakfinish<\/li>\n<li>Kompatibel med b\u00e6lter op til 7 mm tykke<\/li>\n<li>45 mm st\u00f8rrelse<\/li>\n<\/ul>\n<p>SpeedLoops RH Holsters g\u00f8r det muligt at fastg\u00f8re dit cydex-etui til dit b\u00e6lte. S\u00e6t l\u00f8kken p\u00e5 et let l\u00f8snet b\u00e6lte for at fastg\u00f8re den.<\/p>\n<h3>Fordele:<\/h3>\n<ul>\n<li>Designet til cydex-etuier<\/li>\n<li>Kompatibel med RH Holster-etuier<\/li>\n<li>Eliminerer behovet for b\u00e6ltetr\u00e6dning<\/li>\n<\/ul>\n<p><strong>Farve:<\/strong> Sort<\/p>\n<p><strong>St\u00f8rrelse:<\/strong> 45 mm<\/p>\n<p>RH .502 Speedloops 45 mm til dit holster-setup.<\/p>\n","protected":false},"excerpt":{"rendered":"<p>RH .502 Speedloops: Hurtigmonterbare st\u00e5ll\u00f8kker til Cydex-etuier, 45mm.<\/p>\n","protected":false},"featured_media":496142,"template":"","meta":{"_acf_changed":false},"product_brand":[11631],"product_cat":[13126],"product_tag":[],"class_list":{"0":"post-535598","1":"product","2":"type-product","3":"status-publish","4":"has-post-thumbnail","6":"product_brand-rh-holsters","7":"product_cat-hylstertilbehor","9":"first","10":"outofstock","11":"taxable","12":"shipping-taxable","13":"purchasable","14":"product-type-simple"},"acf":[],"_links":{"self":[{"href":"https:\/\/staging.nbg.eu\/da\/wp-json\/wp\/v2\/product\/535598","targetHints":{"allow":["GET"]}}],"collection":[{"href":"https:\/\/staging.nbg.eu\/da\/wp-json\/wp\/v2\/product"}],"about":[{"href":"https:\/\/staging.nbg.eu\/da\/wp-json\/wp\/v2\/types\/product"}],"wp:featuredmedia":[{"embeddable":true,"href":"https:\/\/staging.nbg.eu\/da\/wp-json\/wp\/v2\/media\/496142"}],"wp:attachment":[{"href":"https:\/\/staging.nbg.eu\/da\/wp-json\/wp\/v2\/media?parent=535598"}],"wp:term":[{"taxonomy":"product_brand","embeddable":true,"href":"https:\/\/staging.nbg.eu\/da\/wp-json\/wp\/v2\/product_brand?post=535598"},{"taxonomy":"product_cat","embeddable":true,"href":"https:\/\/staging.nbg.eu\/da\/wp-json\/wp\/v2\/product_cat?post=535598"},{"taxonomy":"product_tag","embeddable":true,"href":"https:\/\/staging.nbg.eu\/da\/wp-json\/wp\/v2\/product_tag?post=535598"}],"curies":[{"name":"wp","href":"https:\/\/api.w.org\/{rel}","templated":true}]}}