{"id":535385,"date":"2025-09-04T23:53:51","date_gmt":"2025-09-04T20:53:51","guid":{"rendered":"https:\/\/staging.nbg.eu\/product\/law-tactical-llc-ar-15-m16-gen3-m-folding-stock-adapter-99312\/"},"modified":"2025-09-29T15:51:26","modified_gmt":"2025-09-29T12:51:26","slug":"law-tactical-llc-ar-15m16-gen3-m-foldbar-kolbeadapter-99312","status":"publish","type":"product","link":"https:\/\/staging.nbg.eu\/da\/vare\/law-tactical-llc-ar-15m16-gen3-m-foldbar-kolbeadapter-99312\/","title":{"rendered":"LAW TACTICAL LLC AR-15\/M16 Gen3-M Foldbar Kolbeadapter (99312)"},"content":{"rendered":"<h2>LAW TACTICAL LLC AR-15\/M16 Gen3-M Foldbar Kolbeadapter (99312)<\/h2>\n<p>En kompatibel foldbar kolbeadapter til AR-platform rifler. Dette tilbeh\u00f8r fungerer med b\u00e5de direkte impingement og gas piston systemer og passer til A2, karabin, mil-spec eller kommercielle buffertube og kolber.<\/p>\n<ul>\n<li>Kompatibel med standard bolt carrier groups (fuld auto, semi-auto, 5,56 til .308)<\/li>\n<li>Egnet til transport med lav profil<\/li>\n<li>Enkelt knaptryk til foldning<\/li>\n<li>Automatisk l\u00e5sning n\u00e5r udfoldet<\/li>\n<li>CNC-fr\u00e6set af 4140 st\u00e5l<\/li>\n<li>Designet, bygget og samlet i USA<\/li>\n<li>Integreret enkeltpunkts slingf\u00e6ste<\/li>\n<\/ul>\n<p>\u00d8ger din AR&#8217;s alsidighed uden at g\u00e5 p\u00e5 kompromis med funktionen.<\/p>\n","protected":false},"excerpt":{"rendered":"<p>Kompakt AR-15\/M16 sammenklappelig kolbeadapter til lavprofil transport.<\/p>\n","protected":false},"featured_media":496047,"template":"","meta":{"_acf_changed":false},"product_brand":[],"product_cat":[13139,13088,13099],"product_tag":[],"class_list":{"0":"post-535385","1":"product","2":"type-product","3":"status-publish","4":"has-post-thumbnail","6":"product_cat-riffel","7":"product_cat-riffel-tuning","8":"product_cat-riffelskaefter","10":"first","11":"instock","12":"taxable","13":"shipping-taxable","14":"purchasable","15":"product-type-simple"},"acf":[],"_links":{"self":[{"href":"https:\/\/staging.nbg.eu\/da\/wp-json\/wp\/v2\/product\/535385","targetHints":{"allow":["GET"]}}],"collection":[{"href":"https:\/\/staging.nbg.eu\/da\/wp-json\/wp\/v2\/product"}],"about":[{"href":"https:\/\/staging.nbg.eu\/da\/wp-json\/wp\/v2\/types\/product"}],"wp:featuredmedia":[{"embeddable":true,"href":"https:\/\/staging.nbg.eu\/da\/wp-json\/wp\/v2\/media\/496047"}],"wp:attachment":[{"href":"https:\/\/staging.nbg.eu\/da\/wp-json\/wp\/v2\/media?parent=535385"}],"wp:term":[{"taxonomy":"product_brand","embeddable":true,"href":"https:\/\/staging.nbg.eu\/da\/wp-json\/wp\/v2\/product_brand?post=535385"},{"taxonomy":"product_cat","embeddable":true,"href":"https:\/\/staging.nbg.eu\/da\/wp-json\/wp\/v2\/product_cat?post=535385"},{"taxonomy":"product_tag","embeddable":true,"href":"https:\/\/staging.nbg.eu\/da\/wp-json\/wp\/v2\/product_tag?post=535385"}],"curies":[{"name":"wp","href":"https:\/\/api.w.org\/{rel}","templated":true}]}}