{"id":535276,"date":"2025-09-04T23:53:23","date_gmt":"2025-09-04T20:53:23","guid":{"rendered":"https:\/\/staging.nbg.eu\/product\/bravo-company-bcmgunfighter-quick-detach-sling-swivel-heavy-duty-design-bcm-qdss-2\/"},"modified":"2025-09-29T15:42:27","modified_gmt":"2025-09-29T12:42:27","slug":"bravo-company-bcmgunfighter-quick-detach-sling-swivel-heavy-duty-design-bcm-qdss-2","status":"publish","type":"product","link":"https:\/\/staging.nbg.eu\/da\/vare\/bravo-company-bcmgunfighter-quick-detach-sling-swivel-heavy-duty-design-bcm-qdss-2\/","title":{"rendered":"BRAVO COMPANY BCMGUNFIGHTER Quick Detach Sling Swivel Heavy Duty Design (BCM-QDSs-2)"},"content":{"rendered":"<h2>BCMGUNFIGHTER\u2122 Hurtig-aftagelig slingkarabinhage (Robust design)<\/h2>\n<p>BCMGUNFIGHTER\u2122 Hurtig-aftagelig slingkarabinhage (BCM-QDSs-2). Dette robuste design er til 1-1\/4&#8243; slynger.<\/p>\n<ul>\n<li>Indf\u00e6ldet stempel forhindrer utilsigtet frigivelse<\/li>\n<li>Afgrattet og sandbl\u00e6st f\u00f8r bel\u00e6gning for en glat overflade<\/li>\n<li>Fremstillet af kulstofst\u00e5l med manganfosfat-bel\u00e6gning<\/li>\n<li>Kompatibel med 1-1\/4&#8243; slynger<\/li>\n<\/ul>\n<p>Dette produkt er fremstillet i USA.<\/p>\n","protected":false},"excerpt":{"rendered":"<p>Robust QD-remstrop fremstillet i USA til 1,25&#8243; remme. Sikker og holdbar.<\/p>\n","protected":false},"featured_media":495886,"template":"","meta":{"_acf_changed":false},"product_brand":[11059],"product_cat":[13102,13139,13088],"product_tag":[],"class_list":{"0":"post-535276","1":"product","2":"type-product","3":"status-publish","4":"has-post-thumbnail","6":"product_brand-bcm","7":"product_cat-remme","8":"product_cat-riffel","9":"product_cat-riffel-tuning","11":"first","12":"outofstock","13":"taxable","14":"shipping-taxable","15":"purchasable","16":"product-type-simple"},"acf":[],"_links":{"self":[{"href":"https:\/\/staging.nbg.eu\/da\/wp-json\/wp\/v2\/product\/535276","targetHints":{"allow":["GET"]}}],"collection":[{"href":"https:\/\/staging.nbg.eu\/da\/wp-json\/wp\/v2\/product"}],"about":[{"href":"https:\/\/staging.nbg.eu\/da\/wp-json\/wp\/v2\/types\/product"}],"wp:featuredmedia":[{"embeddable":true,"href":"https:\/\/staging.nbg.eu\/da\/wp-json\/wp\/v2\/media\/495886"}],"wp:attachment":[{"href":"https:\/\/staging.nbg.eu\/da\/wp-json\/wp\/v2\/media?parent=535276"}],"wp:term":[{"taxonomy":"product_brand","embeddable":true,"href":"https:\/\/staging.nbg.eu\/da\/wp-json\/wp\/v2\/product_brand?post=535276"},{"taxonomy":"product_cat","embeddable":true,"href":"https:\/\/staging.nbg.eu\/da\/wp-json\/wp\/v2\/product_cat?post=535276"},{"taxonomy":"product_tag","embeddable":true,"href":"https:\/\/staging.nbg.eu\/da\/wp-json\/wp\/v2\/product_tag?post=535276"}],"curies":[{"name":"wp","href":"https:\/\/api.w.org\/{rel}","templated":true}]}}