{"id":535059,"date":"2025-09-04T20:17:18","date_gmt":"2025-09-04T17:17:18","guid":{"rendered":"https:\/\/staging.nbg.eu\/product\/sprinco-usa-308-m4-extension-tube-cs-xp-buffer-spring-in-hard-tube-25762-orange\/"},"modified":"2025-09-29T15:16:09","modified_gmt":"2025-09-29T12:16:09","slug":"sprinco-usa-308-m4-forlaengerror-cs-xp-bufferfjeder-i-hardt-ror-25762-orange","status":"publish","type":"product","link":"https:\/\/staging.nbg.eu\/da\/vare\/sprinco-usa-308-m4-forlaengerror-cs-xp-bufferfjeder-i-hardt-ror-25762-orange\/","title":{"rendered":"SPRINCO USA 308 M4 FORL\u00c6NGERR\u00d8R CS XP BUFFERFJEDER I H\u00c5RDT R\u00d8R (25762) Orange"},"content":{"rendered":"<div class=\"product-description\">\n<h2>SPRINCO USA 308 M4 forl\u00e6ngerr\u00f8r CS XP bufferfjer i h\u00e5rdt r\u00f8r (25762) Orange<\/h2>\n<p>Denne bufferfjer til store karabiner er designet til at fungere i flere konfigurationer:<\/p>\n<ul>\n<li>DPMS-m\u00f8nster .308 \/ 6.5 CM med standard 7&#8243; M4 bufferr\u00f8r og 2,5&#8243; kort buffer<\/li>\n<li>SR-25 \/ Armalite-m\u00f8nster karabiner med mellemdybde og 3,25&#8243; buffere<\/li>\n<li>Standard 7&#8243; M4 r\u00f8r i over-gassede karabiner (5,56, 6,8 SPC, 6,5 Grendel, osv.)<\/li>\n<\/ul>\n<p>Bufferfjederen er pakket i et h\u00e5rdt r\u00f8r til beskyttelse under forsendelse og opbevaring.<\/p>\n<\/div>\n","protected":false},"excerpt":{"rendered":"<p>Alsidig bufferfjer til .308\/6,5 CM karabiner og overgassede rifler.<\/p>\n","protected":false},"featured_media":495540,"template":"","meta":{"_acf_changed":false},"product_brand":[],"product_cat":[13150,13139,13088],"product_tag":[],"class_list":{"0":"post-535059","1":"product","2":"type-product","3":"status-publish","4":"has-post-thumbnail","6":"product_cat-fjedre","7":"product_cat-riffel","8":"product_cat-riffel-tuning","10":"first","11":"instock","12":"taxable","13":"shipping-taxable","14":"purchasable","15":"product-type-simple"},"acf":[],"_links":{"self":[{"href":"https:\/\/staging.nbg.eu\/da\/wp-json\/wp\/v2\/product\/535059","targetHints":{"allow":["GET"]}}],"collection":[{"href":"https:\/\/staging.nbg.eu\/da\/wp-json\/wp\/v2\/product"}],"about":[{"href":"https:\/\/staging.nbg.eu\/da\/wp-json\/wp\/v2\/types\/product"}],"wp:featuredmedia":[{"embeddable":true,"href":"https:\/\/staging.nbg.eu\/da\/wp-json\/wp\/v2\/media\/495540"}],"wp:attachment":[{"href":"https:\/\/staging.nbg.eu\/da\/wp-json\/wp\/v2\/media?parent=535059"}],"wp:term":[{"taxonomy":"product_brand","embeddable":true,"href":"https:\/\/staging.nbg.eu\/da\/wp-json\/wp\/v2\/product_brand?post=535059"},{"taxonomy":"product_cat","embeddable":true,"href":"https:\/\/staging.nbg.eu\/da\/wp-json\/wp\/v2\/product_cat?post=535059"},{"taxonomy":"product_tag","embeddable":true,"href":"https:\/\/staging.nbg.eu\/da\/wp-json\/wp\/v2\/product_tag?post=535059"}],"curies":[{"name":"wp","href":"https:\/\/api.w.org\/{rel}","templated":true}]}}