{"id":534840,"date":"2025-09-04T20:17:18","date_gmt":"2025-09-04T17:17:18","guid":{"rendered":"https:\/\/staging.nbg.eu\/product\/sprinco-usa-enhanced-4-coil-bolt-carrier-extractor-cs-spring-3-pak-25435-red\/"},"modified":"2025-09-29T14:49:37","modified_gmt":"2025-09-29T11:49:37","slug":"sprinco-usa-forstaerket-4-spiral-bundstykke-extraktor-cs-fjeder-3-pak-25435-rod","status":"publish","type":"product","link":"https:\/\/staging.nbg.eu\/da\/vare\/sprinco-usa-forstaerket-4-spiral-bundstykke-extraktor-cs-fjeder-3-pak-25435-rod\/","title":{"rendered":"SPRINCO USA FORST\u00c6RKET 4-SPIRAL BUNDSTYKKE EXTRAKTOR CS FJEDER 3-PAK (25435) R\u00f8d"},"content":{"rendered":"<div class=\"product-description\">\n<h2>SPRINCO USA 4-SPOLET BOLT CARRIER EXTRACTOR CS FJEDER 3-PAK (25435) R\u00f8d<\/h2>\n<p>Sprinco 4-spolet bolt carrier extractor CS fjeder 3-pak er fremstillet i USA. Fjedrene er lavet af varmebehandlet, sp\u00e6ndingsaflastet krom-silicium tr\u00e5d, underg\u00e5r kryogen behandling og har en re-mikroniseret molybd\u00e6ndisulfid bel\u00e6gning.<\/p>\n<ul>\n<li>Opretholder belastningscyklus som ny Mil-Spec fjeder<\/li>\n<li>Egnet til l\u00f8bsl\u00e6ngder p\u00e5 18&#8243;+ og messinghylster opsamling<\/li>\n<li>Varmebestandig op til 750\u00b0F<\/li>\n<li>Konsistent ydeevne ved h\u00f8j belastning<\/li>\n<li>Langtidsholdbar l\u00f8sning<\/li>\n<\/ul>\n<p>Sprinco extractor fjedre til bolt carrier grupper til forbedret v\u00e5benfunktion og levetid.<\/p>\n<\/div>\n","protected":false},"excerpt":{"rendered":"<p>Holdbare 4-spole udtr\u00e6ksfjedre til l\u00e6ngerevarende driftscyklusser. Fremstillet i USA.<\/p>\n","protected":false},"featured_media":495491,"template":"","meta":{"_acf_changed":false},"product_brand":[],"product_cat":[13155],"product_tag":[],"class_list":{"0":"post-534840","1":"product","2":"type-product","3":"status-publish","4":"has-post-thumbnail","6":"product_cat-ukategoriseret","8":"first","9":"instock","10":"taxable","11":"shipping-taxable","12":"purchasable","13":"product-type-simple"},"acf":[],"_links":{"self":[{"href":"https:\/\/staging.nbg.eu\/da\/wp-json\/wp\/v2\/product\/534840","targetHints":{"allow":["GET"]}}],"collection":[{"href":"https:\/\/staging.nbg.eu\/da\/wp-json\/wp\/v2\/product"}],"about":[{"href":"https:\/\/staging.nbg.eu\/da\/wp-json\/wp\/v2\/types\/product"}],"wp:featuredmedia":[{"embeddable":true,"href":"https:\/\/staging.nbg.eu\/da\/wp-json\/wp\/v2\/media\/495491"}],"wp:attachment":[{"href":"https:\/\/staging.nbg.eu\/da\/wp-json\/wp\/v2\/media?parent=534840"}],"wp:term":[{"taxonomy":"product_brand","embeddable":true,"href":"https:\/\/staging.nbg.eu\/da\/wp-json\/wp\/v2\/product_brand?post=534840"},{"taxonomy":"product_cat","embeddable":true,"href":"https:\/\/staging.nbg.eu\/da\/wp-json\/wp\/v2\/product_cat?post=534840"},{"taxonomy":"product_tag","embeddable":true,"href":"https:\/\/staging.nbg.eu\/da\/wp-json\/wp\/v2\/product_tag?post=534840"}],"curies":[{"name":"wp","href":"https:\/\/api.w.org\/{rel}","templated":true}]}}