{"id":534723,"date":"2025-09-04T20:17:18","date_gmt":"2025-09-04T17:17:18","guid":{"rendered":"https:\/\/staging.nbg.eu\/product\/law-tactical-llc-ar-15-m16-gen3-m-folding-stock-adapter-fde-99313\/"},"modified":"2025-09-29T13:45:58","modified_gmt":"2025-09-29T10:45:58","slug":"law-tactical-llc-ar-15m16-gen3-m-foldbar-kolbeadapter-fde-99313","status":"publish","type":"product","link":"https:\/\/staging.nbg.eu\/da\/vare\/law-tactical-llc-ar-15m16-gen3-m-foldbar-kolbeadapter-fde-99313\/","title":{"rendered":"LAW TACTICAL LLC AR-15\/M16 Gen3-M Foldbar Kolbeadapter FDE (99313)"},"content":{"rendered":"<div class=\"product-description\">\n<h2>LAW TACTICAL LLC AR-15\/M16 Gen3-M Foldekolbeadapter FDE (99313)<\/h2>\n<p>LAW TACTICAL Gen3-M Foldekolbeadapter er fremstillet i USA. Denne st\u00e5ladapter muligg\u00f8r nem installation af en foldbar kolbe, hvilket skaber et kompakt gev\u00e6r.<\/p>\n<ul>\n<li>Kompatibel med standard gas impingement og gas piston systemer<\/li>\n<li>Accepterer A2, mil-spec M4-stil og kommercielle karbinmodtagerr\u00f8r<\/li>\n<li>Fungerer med standard bolt carrier groups, inklusiv fuld-auto og .308 st\u00f8rrelse<\/li>\n<li>Enkeltknaps betjening til hurtig foldning og udfoldning<\/li>\n<li>Justerbar h\u00e6ngselsp\u00e6nding<\/li>\n<li>DLC-bel\u00e6gning<\/li>\n<li>Tilf\u00f8jer 1,3&#8243; til tr\u00e6kl\u00e6ngden<\/li>\n<li>V\u00e6gt: 8,5 oz<\/li>\n<\/ul>\n<p><strong>Bem\u00e6rk:<\/strong> Affyr ikke gev\u00e6ret med foldet kolbe. Kun kompatibel med Centerfire og Mil-Spec carriers eller kompatible AR 9mm bolte.<\/p>\n<\/div>\n","protected":false},"excerpt":{"rendered":"<p>Kompakt AR-15 foldbar kolbeadapter til nem transport og opbevaring.<\/p>\n","protected":false},"featured_media":495376,"template":"","meta":{"_acf_changed":false},"product_brand":[],"product_cat":[13139,13088,13099],"product_tag":[],"class_list":{"0":"post-534723","1":"product","2":"type-product","3":"status-publish","4":"has-post-thumbnail","6":"product_cat-riffel","7":"product_cat-riffel-tuning","8":"product_cat-riffelskaefter","10":"first","11":"instock","12":"taxable","13":"shipping-taxable","14":"purchasable","15":"product-type-simple"},"acf":[],"_links":{"self":[{"href":"https:\/\/staging.nbg.eu\/da\/wp-json\/wp\/v2\/product\/534723","targetHints":{"allow":["GET"]}}],"collection":[{"href":"https:\/\/staging.nbg.eu\/da\/wp-json\/wp\/v2\/product"}],"about":[{"href":"https:\/\/staging.nbg.eu\/da\/wp-json\/wp\/v2\/types\/product"}],"wp:featuredmedia":[{"embeddable":true,"href":"https:\/\/staging.nbg.eu\/da\/wp-json\/wp\/v2\/media\/495376"}],"wp:attachment":[{"href":"https:\/\/staging.nbg.eu\/da\/wp-json\/wp\/v2\/media?parent=534723"}],"wp:term":[{"taxonomy":"product_brand","embeddable":true,"href":"https:\/\/staging.nbg.eu\/da\/wp-json\/wp\/v2\/product_brand?post=534723"},{"taxonomy":"product_cat","embeddable":true,"href":"https:\/\/staging.nbg.eu\/da\/wp-json\/wp\/v2\/product_cat?post=534723"},{"taxonomy":"product_tag","embeddable":true,"href":"https:\/\/staging.nbg.eu\/da\/wp-json\/wp\/v2\/product_tag?post=534723"}],"curies":[{"name":"wp","href":"https:\/\/api.w.org\/{rel}","templated":true}]}}