{"id":533733,"date":"2025-09-04T18:48:23","date_gmt":"2025-09-04T15:48:23","guid":{"rendered":"https:\/\/staging.nbg.eu\/product\/utg-h3-carbine-buffer-ar15-m4-rb-t6bfh3\/"},"modified":"2025-09-29T11:03:30","modified_gmt":"2025-09-29T08:03:30","slug":"utg-h3-carbine-buffer-ar15-m4-rb-t6bfh3","status":"publish","type":"product","link":"https:\/\/staging.nbg.eu\/da\/vare\/utg-h3-carbine-buffer-ar15-m4-rb-t6bfh3\/","title":{"rendered":"UTG &#8211; H3 Carbine Buffer &#8211; AR15 \/ M4 &#8211; RB-T6BFH3"},"content":{"rendered":"<div class=\"product-description\">\n<h2>UTG &#8211; H3 Karbinbuffer &#8211; AR15 \/ M4 &#8211; RB-T6BFH3<\/h2>\n<p>UTG H3 Rekylbuffer til AR15. Denne buffer har f\u00f8lgende egenskaber:<\/p>\n<ul>\n<li>3 tunge tungstenv\u00e6gte<\/li>\n<li>6061-T6 aluminiumskrop med h\u00e5rd anodiseret overflade<\/li>\n<li>T\u00e6tmonteret endest\u00f8dpude<\/li>\n<li>\u00d8ger opholdstid og letter udkast<\/li>\n<li>Reducerer m\u00e6rkbar rekyl<\/li>\n<li>Kan forbedre pr\u00e6cision med lidt tungere kalibre<\/li>\n<\/ul>\n<p>Vejer 5,4 oz. Designet til at g\u00f8re AR-platformen mere behagelig og potentielt mere pr\u00e6cis.<\/p>\n<p><strong>Advarsel:<\/strong> Dette produkt indeholder kemikalier, der if\u00f8lge staten Californien kan for\u00e5rsage kr\u00e6ft og f\u00f8dselsdefekter eller anden reproduktiv skade.<\/p>\n<\/div>\n","protected":false},"excerpt":{"rendered":"<p>UTG H3 Karbinbuffer: Reducerer rekyl, forbedrer komfort for AR15\/M4.<\/p>\n","protected":false},"featured_media":494312,"template":"","meta":{"_acf_changed":false},"product_brand":[],"product_cat":[13088],"product_tag":[],"class_list":{"0":"post-533733","1":"product","2":"type-product","3":"status-publish","4":"has-post-thumbnail","6":"product_cat-riffel-tuning","8":"first","9":"instock","10":"taxable","11":"shipping-taxable","12":"purchasable","13":"product-type-simple"},"acf":[],"_links":{"self":[{"href":"https:\/\/staging.nbg.eu\/da\/wp-json\/wp\/v2\/product\/533733","targetHints":{"allow":["GET"]}}],"collection":[{"href":"https:\/\/staging.nbg.eu\/da\/wp-json\/wp\/v2\/product"}],"about":[{"href":"https:\/\/staging.nbg.eu\/da\/wp-json\/wp\/v2\/types\/product"}],"wp:featuredmedia":[{"embeddable":true,"href":"https:\/\/staging.nbg.eu\/da\/wp-json\/wp\/v2\/media\/494312"}],"wp:attachment":[{"href":"https:\/\/staging.nbg.eu\/da\/wp-json\/wp\/v2\/media?parent=533733"}],"wp:term":[{"taxonomy":"product_brand","embeddable":true,"href":"https:\/\/staging.nbg.eu\/da\/wp-json\/wp\/v2\/product_brand?post=533733"},{"taxonomy":"product_cat","embeddable":true,"href":"https:\/\/staging.nbg.eu\/da\/wp-json\/wp\/v2\/product_cat?post=533733"},{"taxonomy":"product_tag","embeddable":true,"href":"https:\/\/staging.nbg.eu\/da\/wp-json\/wp\/v2\/product_tag?post=533733"}],"curies":[{"name":"wp","href":"https:\/\/api.w.org\/{rel}","templated":true}]}}