{"id":533105,"date":"2025-09-04T18:25:08","date_gmt":"2025-09-04T15:25:08","guid":{"rendered":"https:\/\/staging.nbg.eu\/product\/ftcs-gas-tube-cover-round-holes-ak-cerakote-black-nr-31\/"},"modified":"2025-09-29T10:18:06","modified_gmt":"2025-09-29T07:18:06","slug":"ftcs-gasrorsafdaekning-runde-huller-ak-cerakote-sort-nr-31","status":"publish","type":"product","link":"https:\/\/staging.nbg.eu\/da\/vare\/ftcs-gasrorsafdaekning-runde-huller-ak-cerakote-sort-nr-31\/","title":{"rendered":"FTCS &#8211; Gasr\u00f8rsafd\u00e6kning &#8211; Runde huller &#8211; AK &#8211; Cerakote &#8211; Sort &#8211; Nr. 31"},"content":{"rendered":"<div class=\"product-description\">\n<h2>FTCS Gasr\u00f8rsd\u00e6ksel &#8211; Runde Huller &#8211; AK &#8211; Cerakote Sort &#8211; Nr. 31<\/h2>\n<p>Gasr\u00f8rsd\u00e6ksel til AK-familiens karabiner fra FTCS. Fremstillet af rustfrit st\u00e5l med Cerakote-bel\u00e6gning.<\/p>\n<ul>\n<li>Tilpasset for nem installation<\/li>\n<li>Intern afstivning for \u00f8get stabilitet<\/li>\n<li>Runde udsk\u00e6ringer til varmeafledning<\/li>\n<li>Cerakote-overflade i Sort Grafit H-146<\/li>\n<li>Kompatibel med FTCS-h\u00e5ndsk\u00e6rme Nr. 1-6<\/li>\n<li>M\u00e5l: 110 x 35 mm<\/li>\n<li>V\u00e6gt: 54 g<\/li>\n<\/ul>\n<p>Gasr\u00f8rsd\u00e6ksel til AK-v\u00e5ben. Egnet til skytter, der \u00f8nsker funktionalitet og udseende.<\/p>\n<\/div>\n","protected":false},"excerpt":{"rendered":"<p>AK gas r\u00f8r d\u00e6ksel, runde huller, Cerakote sort, rustfrit st\u00e5l<\/p>\n","protected":false},"featured_media":494121,"template":"","meta":{"_acf_changed":false},"product_brand":[11314],"product_cat":[13073,13139,13088],"product_tag":[],"class_list":{"0":"post-533105","1":"product","2":"type-product","3":"status-publish","4":"has-post-thumbnail","6":"product_brand-ftcs","7":"product_cat-ak-tuning","8":"product_cat-riffel","9":"product_cat-riffel-tuning","11":"first","12":"instock","13":"taxable","14":"shipping-taxable","15":"purchasable","16":"product-type-simple"},"acf":[],"_links":{"self":[{"href":"https:\/\/staging.nbg.eu\/da\/wp-json\/wp\/v2\/product\/533105","targetHints":{"allow":["GET"]}}],"collection":[{"href":"https:\/\/staging.nbg.eu\/da\/wp-json\/wp\/v2\/product"}],"about":[{"href":"https:\/\/staging.nbg.eu\/da\/wp-json\/wp\/v2\/types\/product"}],"wp:featuredmedia":[{"embeddable":true,"href":"https:\/\/staging.nbg.eu\/da\/wp-json\/wp\/v2\/media\/494121"}],"wp:attachment":[{"href":"https:\/\/staging.nbg.eu\/da\/wp-json\/wp\/v2\/media?parent=533105"}],"wp:term":[{"taxonomy":"product_brand","embeddable":true,"href":"https:\/\/staging.nbg.eu\/da\/wp-json\/wp\/v2\/product_brand?post=533105"},{"taxonomy":"product_cat","embeddable":true,"href":"https:\/\/staging.nbg.eu\/da\/wp-json\/wp\/v2\/product_cat?post=533105"},{"taxonomy":"product_tag","embeddable":true,"href":"https:\/\/staging.nbg.eu\/da\/wp-json\/wp\/v2\/product_tag?post=533105"}],"curies":[{"name":"wp","href":"https:\/\/api.w.org\/{rel}","templated":true}]}}