{"id":532998,"date":"2025-09-04T18:25:08","date_gmt":"2025-09-04T15:25:08","guid":{"rendered":"https:\/\/staging.nbg.eu\/product\/ftcs-gas-tube-cover-oblong-holes-ak-cerakote-black-nr-30\/"},"modified":"2025-09-29T10:10:09","modified_gmt":"2025-09-29T07:10:09","slug":"ftcs-gasrorsafdaekning-ovale-huller-ak-cerakote-sort-nr-30","status":"publish","type":"product","link":"https:\/\/staging.nbg.eu\/da\/vare\/ftcs-gasrorsafdaekning-ovale-huller-ak-cerakote-sort-nr-30\/","title":{"rendered":"FTCS &#8211; Gasr\u00f8rsafd\u00e6kning &#8211; Ovale huller &#8211; AK &#8211; Cerakote &#8211; Sort &#8211; Nr. 30"},"content":{"rendered":"<div class=\"product-description\">\n<h2>FTCS Gasr\u00f8rsd\u00e6ksel &#8211; Aflange Huller &#8211; AK &#8211; Cerakote Sort &#8211; Nr. 30<\/h2>\n<p>FTCS Gasr\u00f8rsd\u00e6ksel til AK. Dette tilbeh\u00f8r har f\u00f8lgende egenskaber:<\/p>\n<ul>\n<li>Cerakote Sort finish for korrosionsbestandighed<\/li>\n<li>Aflange huller for varmeafledning<\/li>\n<li>Kompatibel med de fleste AK-modeller<\/li>\n<li>Nem installation uden b\u00f8ssemager<\/li>\n<li>Reducerer varme under l\u00e6ngere skydning<\/li>\n<li>Moderne udseende der passer til taktiske ops\u00e6tninger<\/li>\n<\/ul>\n<p>FTCS Gasr\u00f8rsd\u00e6ksel Nr. 30 til AK-rifler for forbedret ydeevne og udseende.<\/p>\n<\/div>\n","protected":false},"excerpt":{"rendered":"<p>AK gasr\u00f8rsd\u00e6ksel med aflange huller. Sort Cerakote-finish. #30.<\/p>\n","protected":false},"featured_media":494052,"template":"","meta":{"_acf_changed":false},"product_brand":[11314],"product_cat":[13073,13139,13088],"product_tag":[],"class_list":{"0":"post-532998","1":"product","2":"type-product","3":"status-publish","4":"has-post-thumbnail","6":"product_brand-ftcs","7":"product_cat-ak-tuning","8":"product_cat-riffel","9":"product_cat-riffel-tuning","11":"first","12":"instock","13":"taxable","14":"shipping-taxable","15":"purchasable","16":"product-type-simple"},"acf":[],"_links":{"self":[{"href":"https:\/\/staging.nbg.eu\/da\/wp-json\/wp\/v2\/product\/532998","targetHints":{"allow":["GET"]}}],"collection":[{"href":"https:\/\/staging.nbg.eu\/da\/wp-json\/wp\/v2\/product"}],"about":[{"href":"https:\/\/staging.nbg.eu\/da\/wp-json\/wp\/v2\/types\/product"}],"wp:featuredmedia":[{"embeddable":true,"href":"https:\/\/staging.nbg.eu\/da\/wp-json\/wp\/v2\/media\/494052"}],"wp:attachment":[{"href":"https:\/\/staging.nbg.eu\/da\/wp-json\/wp\/v2\/media?parent=532998"}],"wp:term":[{"taxonomy":"product_brand","embeddable":true,"href":"https:\/\/staging.nbg.eu\/da\/wp-json\/wp\/v2\/product_brand?post=532998"},{"taxonomy":"product_cat","embeddable":true,"href":"https:\/\/staging.nbg.eu\/da\/wp-json\/wp\/v2\/product_cat?post=532998"},{"taxonomy":"product_tag","embeddable":true,"href":"https:\/\/staging.nbg.eu\/da\/wp-json\/wp\/v2\/product_tag?post=532998"}],"curies":[{"name":"wp","href":"https:\/\/api.w.org\/{rel}","templated":true}]}}