{"id":53194,"date":"2024-03-04T08:51:50","date_gmt":"2024-09-13T12:49:33","guid":{"rendered":"https:\/\/staging.nbg.eu\/product\/bore-tech-proof-positive-bore-stix-multiple-calibers\/"},"modified":"2024-09-13T12:50:31","modified_gmt":"2024-09-13T12:50:31","slug":"bore-tech-proof-positive-bore-stix-flere-kalibre","status":"publish","type":"product","link":"https:\/\/staging.nbg.eu\/da\/vare\/bore-tech-proof-positive-bore-stix-flere-kalibre\/","title":{"rendered":"Bore Tech Proof-Positive Bore Stix (Flere Kalibre)"},"content":{"rendered":"<p>\n<strong>Bore Tech Proof-Positive Bore Stix (Flere kalibre)<\/strong><br \/>\nBore Tech&#8217;s Proof-Positive Bore Stix\u2122 reng\u00f8ringsst\u00e6nger. Funktioner:<\/p>\n<ul>\n<li>Kuglelejehandle for nem bev\u00e6gelse<\/li>\n<li>Fritsv\u00e6vende design for pr\u00e6cis riffelgang<\/li>\n<li>Farvekodede, skridsikre gummigreb<\/li>\n<li>Udskiftelig, l\u00f8bsikker, ikke-messing spids<\/li>\n<li>St\u00e5lkerne for \u00f8get stivhed<\/li>\n<li>Bel\u00e6gning med lav friktion<\/li>\n<li>System til identifikation af l\u00f8bets vridningsrate<\/li>\n<\/ul>\n<p>V\u00e6lg Bore Tech Proof-Positive Bore Stix.<\/p>\n","protected":false},"excerpt":{"rendered":"<p>Pr\u00e6cisionsrensest\u00e6nger med kuglelejebelagte h\u00e5ndtag og udskiftelige spidser.<\/p>\n","protected":false},"featured_media":53195,"template":"","meta":{"_acf_changed":false},"product_brand":[11148],"product_cat":[13079,13120],"product_tag":[],"class_list":{"0":"post-53194","1":"product","2":"type-product","3":"status-publish","4":"has-post-thumbnail","6":"product_brand-boretech","7":"product_cat-rensestaenger","8":"product_cat-vabenrensning","10":"first","11":"instock","12":"taxable","13":"shipping-taxable","14":"purchasable","15":"product-type-variable","16":"wvs-archive-product-wrapper"},"acf":[],"_links":{"self":[{"href":"https:\/\/staging.nbg.eu\/da\/wp-json\/wp\/v2\/product\/53194","targetHints":{"allow":["GET"]}}],"collection":[{"href":"https:\/\/staging.nbg.eu\/da\/wp-json\/wp\/v2\/product"}],"about":[{"href":"https:\/\/staging.nbg.eu\/da\/wp-json\/wp\/v2\/types\/product"}],"wp:featuredmedia":[{"embeddable":true,"href":"https:\/\/staging.nbg.eu\/da\/wp-json\/wp\/v2\/media\/53195"}],"wp:attachment":[{"href":"https:\/\/staging.nbg.eu\/da\/wp-json\/wp\/v2\/media?parent=53194"}],"wp:term":[{"taxonomy":"product_brand","embeddable":true,"href":"https:\/\/staging.nbg.eu\/da\/wp-json\/wp\/v2\/product_brand?post=53194"},{"taxonomy":"product_cat","embeddable":true,"href":"https:\/\/staging.nbg.eu\/da\/wp-json\/wp\/v2\/product_cat?post=53194"},{"taxonomy":"product_tag","embeddable":true,"href":"https:\/\/staging.nbg.eu\/da\/wp-json\/wp\/v2\/product_tag?post=53194"}],"curies":[{"name":"wp","href":"https:\/\/api.w.org\/{rel}","templated":true}]}}