{"id":531055,"date":"2025-09-04T17:50:56","date_gmt":"2025-09-04T14:50:56","guid":{"rendered":"https:\/\/staging.nbg.eu\/product\/wbp-rogow-mounting-kit-for-enlarged-magazine-latch-ak-akm-ak-74\/"},"modified":"2025-09-26T16:30:26","modified_gmt":"2025-09-26T13:30:26","slug":"wbp-rogow-monteringssaet-til-forstorret-magasinlas-ak-akm-ak-74","status":"publish","type":"product","link":"https:\/\/staging.nbg.eu\/da\/vare\/wbp-rogow-monteringssaet-til-forstorret-magasinlas-ak-akm-ak-74\/","title":{"rendered":"WBP Rog\u00f3w &#8211; Monteringss\u00e6t til forst\u00f8rret magasinl\u00e5s &#8211; AK \/ AKM \/ AK-74"},"content":{"rendered":"<h2>WBP Rog\u00f3w &#8211; Monteringss\u00e6t til forst\u00f8rret magasinudl\u00f8ser &#8211; AK \/ AKM \/ AK-74<\/h2>\n<p>Dette monteringss\u00e6t fra WBP Rog\u00f3w er til en forst\u00f8rret magasinudl\u00f8ser til AK-platform rifler. S\u00e6ttet er designet til hurtig og nem installation og passer til forskellige rifler i AK-familien.<\/p>\n<h2>Hovedfunktioner:<\/h2>\n<ul>\n<li>Forst\u00f8rret overflade til nemmere magasinudtagning<\/li>\n<li>Kompatibel med popul\u00e6re AK, AKM og AK-74 modeller<\/li>\n<li>Muligg\u00f8r hurtigere genladning<\/li>\n<li>Inkluderer fjeder og drejetap<\/li>\n<li>Fremstillet af holdbart oxideret st\u00e5l<\/li>\n<li>Sort finish<\/li>\n<\/ul>\n<p>Dimensioner: 51 x 24 x 15 mm<br \/>\nV\u00e6gt: 16 g<\/p>\n<p>Dette s\u00e6t opgraderer din AK&#8217;s magasinudl\u00f8sermekanisme.<\/p>\n","protected":false},"excerpt":{"rendered":"<p>Forst\u00f8rret AK-magasinl\u00e5sekit. Nem at installere, forbedret ergonomi. St\u00e5l, sort.<\/p>\n","protected":false},"featured_media":493598,"template":"","meta":{"_acf_changed":false},"product_brand":[],"product_cat":[13155],"product_tag":[],"class_list":{"0":"post-531055","1":"product","2":"type-product","3":"status-publish","4":"has-post-thumbnail","6":"product_cat-ukategoriseret","8":"first","9":"instock","10":"taxable","11":"shipping-taxable","12":"purchasable","13":"product-type-simple"},"acf":[],"_links":{"self":[{"href":"https:\/\/staging.nbg.eu\/da\/wp-json\/wp\/v2\/product\/531055","targetHints":{"allow":["GET"]}}],"collection":[{"href":"https:\/\/staging.nbg.eu\/da\/wp-json\/wp\/v2\/product"}],"about":[{"href":"https:\/\/staging.nbg.eu\/da\/wp-json\/wp\/v2\/types\/product"}],"wp:featuredmedia":[{"embeddable":true,"href":"https:\/\/staging.nbg.eu\/da\/wp-json\/wp\/v2\/media\/493598"}],"wp:attachment":[{"href":"https:\/\/staging.nbg.eu\/da\/wp-json\/wp\/v2\/media?parent=531055"}],"wp:term":[{"taxonomy":"product_brand","embeddable":true,"href":"https:\/\/staging.nbg.eu\/da\/wp-json\/wp\/v2\/product_brand?post=531055"},{"taxonomy":"product_cat","embeddable":true,"href":"https:\/\/staging.nbg.eu\/da\/wp-json\/wp\/v2\/product_cat?post=531055"},{"taxonomy":"product_tag","embeddable":true,"href":"https:\/\/staging.nbg.eu\/da\/wp-json\/wp\/v2\/product_tag?post=531055"}],"curies":[{"name":"wp","href":"https:\/\/api.w.org\/{rel}","templated":true}]}}