{"id":530933,"date":"2025-09-04T17:49:03","date_gmt":"2025-09-04T14:49:03","guid":{"rendered":"https:\/\/staging.nbg.eu\/product\/magpul-moe-sl-ak-grip-for-ak47-ak74-fde-mag682-fde\/"},"modified":"2025-09-26T16:15:49","modified_gmt":"2025-09-26T13:15:49","slug":"magpul-moe-sl-ak-greb-til-ak47ak74-fde-mag682-fde","status":"publish","type":"product","link":"https:\/\/staging.nbg.eu\/da\/vare\/magpul-moe-sl-ak-greb-til-ak47ak74-fde-mag682-fde\/","title":{"rendered":"Magpul &#8211; MOE SL AK Greb til AK47\/AK74 &#8211; FDE &#8211; MAG682-FDE"},"content":{"rendered":"<div class=\"product-description\">\n<h2>Magpul MOE SL AK Greb til AK47\/AK74 &#8211; FDE (MAG682-FDE)<\/h2>\n<p>Magpul MOE SL AK Greb i Flat Dark Earth til AK47\/AK74. Dette greb har en mere lodret vinkel og er designet til v\u00e5ben med kortere l\u00e6ngde.<\/p>\n<ul>\n<li>Fremstillet af polymer med en struktureret overflade<\/li>\n<li>Passer til b\u00e5de fr\u00e6sede og stansede receivere, inklusive dem med grebforst\u00e6rkningsplader<\/li>\n<li>Har TSP (Trapezoidal Surface Projections) tekstur<\/li>\n<li>20-graders grebvinkel<\/li>\n<li>Slankere profil sammenlignet med fuldst\u00f8rrelsesgreb<\/li>\n<li>M\u00e5l: 10,9 cm H x 2,8 cm T, vejer 73,7 g<\/li>\n<li>Fremstillet i USA &#8211; t\u00e6ller som \u00e9n US compliance del for 922r<\/li>\n<\/ul>\n<p>Magpul MOE SL AK Greb er designet til brug i alle milj\u00f8er.<\/p>\n<\/div>\n","protected":false},"excerpt":{"rendered":"<p>Magpul MOE SL AK-greb: Slankt, tekstureret opgradering til AK47\/74 \u2013 FDE<\/p>\n","protected":false},"featured_media":493574,"template":"","meta":{"_acf_changed":false},"product_brand":[],"product_cat":[13155],"product_tag":[],"class_list":{"0":"post-530933","1":"product","2":"type-product","3":"status-publish","4":"has-post-thumbnail","6":"product_cat-ukategoriseret","8":"first","9":"instock","10":"taxable","11":"shipping-taxable","12":"purchasable","13":"product-type-simple"},"acf":[],"_links":{"self":[{"href":"https:\/\/staging.nbg.eu\/da\/wp-json\/wp\/v2\/product\/530933","targetHints":{"allow":["GET"]}}],"collection":[{"href":"https:\/\/staging.nbg.eu\/da\/wp-json\/wp\/v2\/product"}],"about":[{"href":"https:\/\/staging.nbg.eu\/da\/wp-json\/wp\/v2\/types\/product"}],"wp:featuredmedia":[{"embeddable":true,"href":"https:\/\/staging.nbg.eu\/da\/wp-json\/wp\/v2\/media\/493574"}],"wp:attachment":[{"href":"https:\/\/staging.nbg.eu\/da\/wp-json\/wp\/v2\/media?parent=530933"}],"wp:term":[{"taxonomy":"product_brand","embeddable":true,"href":"https:\/\/staging.nbg.eu\/da\/wp-json\/wp\/v2\/product_brand?post=530933"},{"taxonomy":"product_cat","embeddable":true,"href":"https:\/\/staging.nbg.eu\/da\/wp-json\/wp\/v2\/product_cat?post=530933"},{"taxonomy":"product_tag","embeddable":true,"href":"https:\/\/staging.nbg.eu\/da\/wp-json\/wp\/v2\/product_tag?post=530933"}],"curies":[{"name":"wp","href":"https:\/\/api.w.org\/{rel}","templated":true}]}}